{"id":2628,"date":"2022-09-28T10:47:28","date_gmt":"2022-09-28T10:47:28","guid":{"rendered":"http:\/\/meloni.dk\/index.php\/product\/en-kort-danmarkshistorie\/"},"modified":"2024-11-25T08:14:18","modified_gmt":"2024-11-25T08:14:18","slug":"en-kort-danmarkshistorie","status":"publish","type":"product","link":"https:\/\/meloni.dk\/index.php\/product\/en-kort-danmarkshistorie\/","title":{"rendered":"En kort Danmarkshistorie"},"content":{"rendered":"<p>I denne bog f\u00e5r du en kort intro- duktion til Danmarks historie. Bogen tager dig med p\u00e5 en rejse fra de f\u00f8rste mennesker kom til Danmark for mange tusinde \u00e5r siden til klimaet kom i fokus efter \u00e5rtusinde skiftet.<\/p>\n","protected":false},"excerpt":{"rendered":"<p>I denne bog f\u00e5r du en kort intro- duktion til Danmarks historie. Bogen tager dig med p\u00e5 en rejse fra de f\u00f8rste mennesker kom til Danmark for mange tusinde \u00e5r siden til klimaet kom i fokus efter \u00e5rtusinde skiftet.<\/p>\n","protected":false},"featured_media":3892,"template":"","meta":[],"product_brand":[],"product_cat":[97],"product_tag":[],"class_list":{"0":"post-2628","1":"product","2":"type-product","3":"status-publish","4":"has-post-thumbnail","6":"product_cat-andet-historie","8":"first","9":"instock","10":"taxable","11":"shipping-taxable","12":"purchasable","13":"product-type-variable","14":"has-default-attributes"},"_links":{"self":[{"href":"https:\/\/meloni.dk\/index.php\/wp-json\/wp\/v2\/product\/2628","targetHints":{"allow":["GET"]}}],"collection":[{"href":"https:\/\/meloni.dk\/index.php\/wp-json\/wp\/v2\/product"}],"about":[{"href":"https:\/\/meloni.dk\/index.php\/wp-json\/wp\/v2\/types\/product"}],"wp:featuredmedia":[{"embeddable":true,"href":"https:\/\/meloni.dk\/index.php\/wp-json\/wp\/v2\/media\/3892"}],"wp:attachment":[{"href":"https:\/\/meloni.dk\/index.php\/wp-json\/wp\/v2\/media?parent=2628"}],"wp:term":[{"taxonomy":"product_brand","embeddable":true,"href":"https:\/\/meloni.dk\/index.php\/wp-json\/wp\/v2\/product_brand?post=2628"},{"taxonomy":"product_cat","embeddable":true,"href":"https:\/\/meloni.dk\/index.php\/wp-json\/wp\/v2\/product_cat?post=2628"},{"taxonomy":"product_tag","embeddable":true,"href":"https:\/\/meloni.dk\/index.php\/wp-json\/wp\/v2\/product_tag?post=2628"}],"curies":[{"name":"wp","href":"https:\/\/api.w.org\/{rel}","templated":true}]}}