{"id":2627,"date":"2022-09-28T10:47:27","date_gmt":"2022-09-28T10:47:27","guid":{"rendered":"http:\/\/meloni.dk\/index.php\/product\/arbejdshaefe-a-dansk-for-alle\/"},"modified":"2022-09-28T14:42:42","modified_gmt":"2022-09-28T14:42:42","slug":"arbejdshaefe-a-dansk-for-alle","status":"publish","type":"product","link":"https:\/\/meloni.dk\/index.php\/product\/arbejdshaefe-a-dansk-for-alle\/","title":{"rendered":"Arbejdsh\u00e6fte A &#8211; Dansk for alle"},"content":{"rendered":"<p>Arbejdsh\u00e6fte A er en del af materialet Dansk for alle &#8211; Dyr i Afrika.<\/p>\n<p>I arbejdsh\u00e6ftet arbejder eleverne ud fra et kendt univers fra teksterne i Dansk for alle &#8211; Dyr i Afrika.<br \/>\nNyere l\u00e6seforskning peger p\u00e5, at den f\u00f8rste l\u00e6seundervisning b\u00f8r inde- holde opgaver, der b\u00e5de retter sig mod de tekniske aspekter af l\u00e6sningen og med opgaver, der retter sig mod l\u00e6seforst\u00e5elsen. Herved opn\u00e5s en balanceret l\u00e6sedidaktik. Derfor anbefales det at anvende Arbejdsh\u00e6fte A i sammenh\u00e6ng med l\u00e6sebogen Dansk for alle &#8211; Dyr i Afrika og de tilh\u00f8rende opgaver. Arbejdsh\u00e6ftet kan dog anvendes separat.<\/p>\n<p>I Arbejdsh\u00e6fte A l\u00e6rer eleverne bogstavernes navne, lyde og form samt skriveretningen.<br \/>\nOpgaverne v\u00e6gter sprogets lydside, da den lydlige opm\u00e6rksomhed spiller en afg\u00f8rende rolle for at kn\u00e6kke l\u00e6sekoden.<\/p>\n<p>Eleverne m\u00f8der opgaver, hvor de skal arbejde med:<br \/>\n\u2022 Forlyd, midterlyd og udlyd<br \/>\n\u2022 Vokallyde<br \/>\n\u2022 Stavelser<br \/>\n\u2022 Sammensatte ord<\/p>\n<p>Arbejdsh\u00e6fte A er velegnet til elever i 0. &#8211; 1. klasse.<br \/>\nTil brug i specialundervisningen og i dansk som andetsprogsundervisning anbefales arbejdsh\u00e6ftet i kombination med de meningsfulde tekster, der knytter sig til dyrene i Afrika.<\/p>\n","protected":false},"excerpt":{"rendered":"<p>Arbejdsh\u00e6fte A er en del af materialet Dansk for alle &#8211; Dyr i Afrika.<\/p>\n<p>I arbejdsh\u00e6ftet arbejder eleverne ud fra et kendt univers fra teksterne i Dansk for alle &#8211; Dyr i Afrika.<br \/>\nNyere l\u00e6seforskning peger p\u00e5, at den f\u00f8rste l\u00e6seundervisning b\u00f8r inde- holde opgaver, der b\u00e5de retter sig mod de tekniske aspekter af l\u00e6sningen og med opgaver, der retter sig mod l\u00e6seforst\u00e5elsen. Herved opn\u00e5s en balanceret l\u00e6sedidaktik. Derfor anbefales det at anvende Arbejdsh\u00e6fte A i sammenh\u00e6ng med l\u00e6sebogen Dansk for alle &#8211; Dyr i Afrika og de tilh\u00f8rende opgaver. Arbejdsh\u00e6ftet kan dog anvendes separat.<\/p>\n<p>I Arbejdsh\u00e6fte A l\u00e6rer eleverne bogstavernes navne, lyde og form samt skriveretningen.<br \/>\nOpgaverne v\u00e6gter sprogets lydside, da den lydlige opm\u00e6rksomhed spiller en afg\u00f8rende rolle for at kn\u00e6kke l\u00e6sekoden.<\/p>\n<p>Eleverne m\u00f8der opgaver, hvor de skal arbejde med:<br \/>\n\u2022 Forlyd, midterlyd og udlyd<br \/>\n\u2022 Vokallyde<br \/>\n\u2022 Stavelser<br \/>\n\u2022 Sammensatte ord<\/p>\n<p>Arbejdsh\u00e6fte A er velegnet til elever i 0. &#8211; 1. klasse.<br \/>\nTil brug i specialundervisningen og i dansk som andetsprogsundervisning anbefales arbejdsh\u00e6ftet i kombination med de meningsfulde tekster, der knytter sig til dyrene i Afrika.<\/p>\n","protected":false},"featured_media":0,"template":"","meta":[],"product_brand":[],"product_cat":[73],"product_tag":[],"class_list":{"0":"post-2627","1":"product","2":"type-product","3":"status-publish","5":"product_cat-dansk","7":"first","8":"instock","9":"taxable","10":"shipping-taxable","11":"purchasable","12":"product-type-simple"},"_links":{"self":[{"href":"https:\/\/meloni.dk\/index.php\/wp-json\/wp\/v2\/product\/2627","targetHints":{"allow":["GET"]}}],"collection":[{"href":"https:\/\/meloni.dk\/index.php\/wp-json\/wp\/v2\/product"}],"about":[{"href":"https:\/\/meloni.dk\/index.php\/wp-json\/wp\/v2\/types\/product"}],"wp:attachment":[{"href":"https:\/\/meloni.dk\/index.php\/wp-json\/wp\/v2\/media?parent=2627"}],"wp:term":[{"taxonomy":"product_brand","embeddable":true,"href":"https:\/\/meloni.dk\/index.php\/wp-json\/wp\/v2\/product_brand?post=2627"},{"taxonomy":"product_cat","embeddable":true,"href":"https:\/\/meloni.dk\/index.php\/wp-json\/wp\/v2\/product_cat?post=2627"},{"taxonomy":"product_tag","embeddable":true,"href":"https:\/\/meloni.dk\/index.php\/wp-json\/wp\/v2\/product_tag?post=2627"}],"curies":[{"name":"wp","href":"https:\/\/api.w.org\/{rel}","templated":true}]}}