{"id":2623,"date":"2022-09-28T10:47:27","date_gmt":"2022-09-28T10:47:27","guid":{"rendered":"http:\/\/meloni.dk\/index.php\/product\/martin-luther\/"},"modified":"2024-11-25T09:27:55","modified_gmt":"2024-11-25T09:27:55","slug":"martin-luther","status":"publish","type":"product","link":"https:\/\/meloni.dk\/index.php\/product\/martin-luther\/","title":{"rendered":"Martin Luther"},"content":{"rendered":"<p>I denne bog kan du l\u00e6se om Martin Luther, og den betydning han fik for m\u00e5den, man kan v\u00e6re kristen p\u00e5. Han levede som munk i Tyskland i 1500tallet. Dengang var det Den katolske Kirke med paven som leder, der bestemte, hvordan man skulle leve som kristen. Martin Luther var ikke enig i alt det, som paven sagde. Derfor gjorde han opr\u00f8r mod Den katolske Kirke. Det f\u00f8rte til Reformationen, og Den katolske Kirke blev forbudt i flere lande \u2013 ogs\u00e5 i Danmark. Det skete i 1536.<\/p>\n","protected":false},"excerpt":{"rendered":"<p>I denne bog kan du l\u00e6se om Martin Luther, og den betydning han fik for m\u00e5den, man kan v\u00e6re kristen p\u00e5. Han levede som munk i Tyskland i 1500tallet. Dengang var det Den katolske Kirke med paven som leder, der bestemte, hvordan man skulle leve som kristen. Martin Luther var ikke enig i alt det, som paven sagde. Derfor gjorde han opr\u00f8r mod Den katolske Kirke. Det f\u00f8rte til Reformationen, og Den katolske Kirke blev forbudt i flere lande \u2013 ogs\u00e5 i Danmark. Det skete i 1536.<\/p>\n","protected":false},"featured_media":3897,"template":"","meta":[],"product_brand":[],"product_cat":[95],"product_tag":[],"class_list":{"0":"post-2623","1":"product","2":"type-product","3":"status-publish","4":"has-post-thumbnail","6":"product_cat-tjek-paa-historien","8":"first","9":"instock","10":"taxable","11":"shipping-taxable","12":"purchasable","13":"product-type-simple"},"_links":{"self":[{"href":"https:\/\/meloni.dk\/index.php\/wp-json\/wp\/v2\/product\/2623","targetHints":{"allow":["GET"]}}],"collection":[{"href":"https:\/\/meloni.dk\/index.php\/wp-json\/wp\/v2\/product"}],"about":[{"href":"https:\/\/meloni.dk\/index.php\/wp-json\/wp\/v2\/types\/product"}],"wp:featuredmedia":[{"embeddable":true,"href":"https:\/\/meloni.dk\/index.php\/wp-json\/wp\/v2\/media\/3897"}],"wp:attachment":[{"href":"https:\/\/meloni.dk\/index.php\/wp-json\/wp\/v2\/media?parent=2623"}],"wp:term":[{"taxonomy":"product_brand","embeddable":true,"href":"https:\/\/meloni.dk\/index.php\/wp-json\/wp\/v2\/product_brand?post=2623"},{"taxonomy":"product_cat","embeddable":true,"href":"https:\/\/meloni.dk\/index.php\/wp-json\/wp\/v2\/product_cat?post=2623"},{"taxonomy":"product_tag","embeddable":true,"href":"https:\/\/meloni.dk\/index.php\/wp-json\/wp\/v2\/product_tag?post=2623"}],"curies":[{"name":"wp","href":"https:\/\/api.w.org\/{rel}","templated":true}]}}