{"id":2622,"date":"2022-09-28T10:47:26","date_gmt":"2022-09-28T10:47:26","guid":{"rendered":"http:\/\/meloni.dk\/index.php\/product\/svenskerkrigene\/"},"modified":"2023-12-20T12:47:53","modified_gmt":"2023-12-20T12:47:53","slug":"svenskerkrigene","status":"publish","type":"product","link":"https:\/\/meloni.dk\/index.php\/product\/svenskerkrigene\/","title":{"rendered":"Svenskerkrigene"},"content":{"rendered":"<p>For mange \u00e5r siden var Danmark og Sverige arvefjender, der udk\u00e6mpede en r\u00e6kke blodige slag. I perioden fra 1563 til 1720 var der hele seks store krige. Nogle af krigene endte uden en egentlig sejrherre. De sluttede, fordi andre lande blandede sig og tvang parterne til at slutte fred. Men de fleste krige vandt Sverige, og Danmark m\u00e5tte afgive store landomr\u00e5der.<\/p>\n","protected":false},"excerpt":{"rendered":"<p>For mange \u00e5r siden var Danmark og Sverige arvefjender, der udk\u00e6mpede en r\u00e6kke blodige slag. I perioden fra 1563 til 1720 var der hele seks store krige. Nogle af krigene endte uden en egentlig sejrherre. De sluttede, fordi andre lande blandede sig og tvang parterne til at slutte fred. Men de fleste krige vandt Sverige, og Danmark m\u00e5tte afgive store landomr\u00e5der.<\/p>\n","protected":false},"featured_media":3374,"template":"","meta":[],"product_brand":[],"product_cat":[94],"product_tag":[],"class_list":{"0":"post-2622","1":"product","2":"type-product","3":"status-publish","4":"has-post-thumbnail","6":"product_cat-historisk-bibliotek","8":"first","9":"instock","10":"taxable","11":"shipping-taxable","12":"purchasable","13":"product-type-simple"},"_links":{"self":[{"href":"https:\/\/meloni.dk\/index.php\/wp-json\/wp\/v2\/product\/2622","targetHints":{"allow":["GET"]}}],"collection":[{"href":"https:\/\/meloni.dk\/index.php\/wp-json\/wp\/v2\/product"}],"about":[{"href":"https:\/\/meloni.dk\/index.php\/wp-json\/wp\/v2\/types\/product"}],"wp:featuredmedia":[{"embeddable":true,"href":"https:\/\/meloni.dk\/index.php\/wp-json\/wp\/v2\/media\/3374"}],"wp:attachment":[{"href":"https:\/\/meloni.dk\/index.php\/wp-json\/wp\/v2\/media?parent=2622"}],"wp:term":[{"taxonomy":"product_brand","embeddable":true,"href":"https:\/\/meloni.dk\/index.php\/wp-json\/wp\/v2\/product_brand?post=2622"},{"taxonomy":"product_cat","embeddable":true,"href":"https:\/\/meloni.dk\/index.php\/wp-json\/wp\/v2\/product_cat?post=2622"},{"taxonomy":"product_tag","embeddable":true,"href":"https:\/\/meloni.dk\/index.php\/wp-json\/wp\/v2\/product_tag?post=2622"}],"curies":[{"name":"wp","href":"https:\/\/api.w.org\/{rel}","templated":true}]}}