{"id":2620,"date":"2022-09-28T10:47:25","date_gmt":"2022-09-28T10:47:25","guid":{"rendered":"http:\/\/meloni.dk\/index.php\/product\/graekenlands-historie\/"},"modified":"2022-12-13T12:17:29","modified_gmt":"2022-12-13T12:17:29","slug":"graekenlands-historie","status":"publish","type":"product","link":"https:\/\/meloni.dk\/index.php\/product\/graekenlands-historie\/","title":{"rendered":"Gr\u00e6kenlands historie"},"content":{"rendered":"<p>Bogen beskriver i en kompakt og let tilg\u00e6ngelig form de gr\u00e6ske samfunds udviklingshistorie fra de tidligere bronzealderkulturer til den romerske erobring af Gr\u00e6kenland. Undervejs s\u00e6ttes der gennem temakapitler fokus p\u00e5 centrale aspekter af gr\u00e6kernes livsverden, og gennem originale kildetekster f\u00e5r oldtidens gr\u00e6kere lov til at selv at fort\u00e6lle.<\/p>\n","protected":false},"excerpt":{"rendered":"<p>Bogen beskriver i en kompakt og let tilg\u00e6ngelig form de gr\u00e6ske samfunds udviklingshistorie fra de tidligere bronzealderkulturer til den romerske erobring af Gr\u00e6kenland. Undervejs s\u00e6ttes der gennem temakapitler fokus p\u00e5 centrale aspekter af gr\u00e6kernes livsverden, og gennem originale kildetekster f\u00e5r oldtidens gr\u00e6kere lov til at selv at fort\u00e6lle.<\/p>\n","protected":false},"featured_media":2908,"template":"","meta":[],"product_brand":[],"product_cat":[96],"product_tag":[],"class_list":{"0":"post-2620","1":"product","2":"type-product","3":"status-publish","4":"has-post-thumbnail","6":"product_cat-gymnasie","8":"first","9":"instock","10":"sale","11":"taxable","12":"shipping-taxable","13":"purchasable","14":"product-type-variable"},"_links":{"self":[{"href":"https:\/\/meloni.dk\/index.php\/wp-json\/wp\/v2\/product\/2620","targetHints":{"allow":["GET"]}}],"collection":[{"href":"https:\/\/meloni.dk\/index.php\/wp-json\/wp\/v2\/product"}],"about":[{"href":"https:\/\/meloni.dk\/index.php\/wp-json\/wp\/v2\/types\/product"}],"wp:featuredmedia":[{"embeddable":true,"href":"https:\/\/meloni.dk\/index.php\/wp-json\/wp\/v2\/media\/2908"}],"wp:attachment":[{"href":"https:\/\/meloni.dk\/index.php\/wp-json\/wp\/v2\/media?parent=2620"}],"wp:term":[{"taxonomy":"product_brand","embeddable":true,"href":"https:\/\/meloni.dk\/index.php\/wp-json\/wp\/v2\/product_brand?post=2620"},{"taxonomy":"product_cat","embeddable":true,"href":"https:\/\/meloni.dk\/index.php\/wp-json\/wp\/v2\/product_cat?post=2620"},{"taxonomy":"product_tag","embeddable":true,"href":"https:\/\/meloni.dk\/index.php\/wp-json\/wp\/v2\/product_tag?post=2620"}],"curies":[{"name":"wp","href":"https:\/\/api.w.org\/{rel}","templated":true}]}}