{"id":2619,"date":"2022-09-28T10:47:25","date_gmt":"2022-09-28T10:47:25","guid":{"rendered":"http:\/\/meloni.dk\/index.php\/product\/den-lange-kolde-krig\/"},"modified":"2022-12-13T12:06:28","modified_gmt":"2022-12-13T12:06:28","slug":"den-lange-kolde-krig","status":"publish","type":"product","link":"https:\/\/meloni.dk\/index.php\/product\/den-lange-kolde-krig\/","title":{"rendered":"Den lange kolde krig"},"content":{"rendered":"<p>Den 9. november 1989 faldt Berlinmuren. Gr\u00e6nseovergangene mellem det kommunistiske \u00d8sttyskland og det demokratiske Vesttyskland blev \u00e5bnet, og tusindvis af mennesker str\u00f8mmede over gr\u00e6nsen fra \u00d8stberlin til Vestberlin<\/p>\n<p>Siden 1961 havde Berlinmuren v\u00e6ret det prim\u00e6re symbol p\u00e5 Den kolde Krig, som var en konflikt imellem de to supermagter, det demokratisk-kapitalistiske USA og det kommunistiske Sovjetunionen.<\/p>\n<p>I bogen redeg\u00f8res for det mods\u00e6tningsforhold, der var mellem Rusland og Sovjetunionen l\u00e6nge f\u00f8r Berlinmuren. Et forhold der under Den kolde Krig kom til at dreje sig om ideologi &#8211; kapitalisme og kommunisme &#8211; men som reelt havde dybereliggende geopolitiske \u00e5rsager. Herfor taler ikke mindst det forhold, at konflikten mellem de to lande ikke alene stadig best\u00e5r efter kommunismens fald, men ogs\u00e5 p\u00e5 flere omr\u00e5der sk\u00e6rpes.<\/p>\n","protected":false},"excerpt":{"rendered":"<p>Den 9. november 1989 faldt Berlinmuren. Gr\u00e6nseovergangene mellem det kommunistiske \u00d8sttyskland og det demokratiske Vesttyskland blev \u00e5bnet, og tusindvis af mennesker str\u00f8mmede over gr\u00e6nsen fra \u00d8stberlin til Vestberlin<\/p>\n<p>Siden 1961 havde Berlinmuren v\u00e6ret det prim\u00e6re symbol p\u00e5 Den kolde Krig, som var en konflikt imellem de to supermagter, det demokratisk-kapitalistiske USA og det kommunistiske Sovjetunionen.<\/p>\n<p>I bogen redeg\u00f8res for det mods\u00e6tningsforhold, der var mellem Rusland og Sovjetunionen l\u00e6nge f\u00f8r Berlinmuren. Et forhold der under Den kolde Krig kom til at dreje sig om ideologi &#8211; kapitalisme og kommunisme &#8211; men som reelt havde dybereliggende geopolitiske \u00e5rsager. Herfor taler ikke mindst det forhold, at konflikten mellem de to lande ikke alene stadig best\u00e5r efter kommunismens fald, men ogs\u00e5 p\u00e5 flere omr\u00e5der sk\u00e6rpes.<\/p>\n","protected":false},"featured_media":2909,"template":"","meta":[],"product_brand":[],"product_cat":[96],"product_tag":[],"class_list":{"0":"post-2619","1":"product","2":"type-product","3":"status-publish","4":"has-post-thumbnail","6":"product_cat-gymnasie","8":"first","9":"instock","10":"sale","11":"taxable","12":"shipping-taxable","13":"purchasable","14":"product-type-variable"},"_links":{"self":[{"href":"https:\/\/meloni.dk\/index.php\/wp-json\/wp\/v2\/product\/2619","targetHints":{"allow":["GET"]}}],"collection":[{"href":"https:\/\/meloni.dk\/index.php\/wp-json\/wp\/v2\/product"}],"about":[{"href":"https:\/\/meloni.dk\/index.php\/wp-json\/wp\/v2\/types\/product"}],"wp:featuredmedia":[{"embeddable":true,"href":"https:\/\/meloni.dk\/index.php\/wp-json\/wp\/v2\/media\/2909"}],"wp:attachment":[{"href":"https:\/\/meloni.dk\/index.php\/wp-json\/wp\/v2\/media?parent=2619"}],"wp:term":[{"taxonomy":"product_brand","embeddable":true,"href":"https:\/\/meloni.dk\/index.php\/wp-json\/wp\/v2\/product_brand?post=2619"},{"taxonomy":"product_cat","embeddable":true,"href":"https:\/\/meloni.dk\/index.php\/wp-json\/wp\/v2\/product_cat?post=2619"},{"taxonomy":"product_tag","embeddable":true,"href":"https:\/\/meloni.dk\/index.php\/wp-json\/wp\/v2\/product_tag?post=2619"}],"curies":[{"name":"wp","href":"https:\/\/api.w.org\/{rel}","templated":true}]}}