{"id":2616,"date":"2022-09-28T10:47:24","date_gmt":"2022-09-28T10:47:24","guid":{"rendered":"http:\/\/meloni.dk\/index.php\/product\/besaettelsen\/"},"modified":"2025-01-05T15:11:54","modified_gmt":"2025-01-05T15:11:54","slug":"besaettelsen","status":"publish","type":"product","link":"https:\/\/meloni.dk\/index.php\/product\/besaettelsen\/","title":{"rendered":"Bes\u00e6ttelsen"},"content":{"rendered":"<p>Den 9. april 1940 blev Danmark besat af Tyskland. Efter nogle f\u00e5 korte kampe i S\u00f8nderjylland opgav danskerne modstanden mod tyskerne. I stedet besluttede den danske regering sig for at samarbejde med tyskerne for at f\u00e5 Danmark lettest gennem krigen. Samarbejdspolitikken varede ind til 29. august 1943, hvor den danske regering gik af efter et tysk krav om at indf\u00f8re d\u00f8dsstraf.<br \/>\nDanmark var nu for alvor i tyskernes vold, hvilket bl.a. sabot\u00f8rer fik at m\u00e6rke, hvis de blev fanget.<br \/>\nDer var ogs\u00e5 danskere, der gik i tysk krigstjeneste og kom i krig mod Sovjetunionen p\u00e5 \u00d8stfronten. De blev sammen med andre danskere, der havde samarbejdet med tyskerne, straffet efter befrielsen i et retsopg\u00f8r, hvor der bl.a. blev d\u00f8mt efter love, der var lavet med tilbagevirkende kraft.<\/p>\n","protected":false},"excerpt":{"rendered":"<p>Den 9. april 1940 blev Danmark besat af Tyskland. Efter nogle f\u00e5 korte kampe i S\u00f8nderjylland opgav danskerne modstanden mod tyskerne. I stedet besluttede den danske regering sig for at samarbejde med tyskerne for at f\u00e5 Danmark lettest gennem krigen. Samarbejdspolitikken varede ind til 29. august 1943, hvor den danske regering gik af efter et tysk krav om at indf\u00f8re d\u00f8dsstraf.<br \/>\nDanmark var nu for alvor i tyskernes vold, hvilket bl.a. sabot\u00f8rer fik at m\u00e6rke, hvis de blev fanget.<br \/>\nDer var ogs\u00e5 danskere, der gik i tysk krigstjeneste og kom i krig mod Sovjetunionen p\u00e5 \u00d8stfronten. De blev sammen med andre danskere, der havde samarbejdet med tyskerne, straffet efter befrielsen i et retsopg\u00f8r, hvor der bl.a. blev d\u00f8mt efter love, der var lavet med tilbagevirkende kraft.<\/p>\n","protected":false},"featured_media":3378,"template":"","meta":[],"product_brand":[],"product_cat":[94,75],"product_tag":[],"class_list":{"0":"post-2616","1":"product","2":"type-product","3":"status-publish","4":"has-post-thumbnail","6":"product_cat-historisk-bibliotek","7":"product_cat-tilbud","9":"first","10":"instock","11":"taxable","12":"shipping-taxable","13":"purchasable","14":"product-type-variable"},"_links":{"self":[{"href":"https:\/\/meloni.dk\/index.php\/wp-json\/wp\/v2\/product\/2616","targetHints":{"allow":["GET"]}}],"collection":[{"href":"https:\/\/meloni.dk\/index.php\/wp-json\/wp\/v2\/product"}],"about":[{"href":"https:\/\/meloni.dk\/index.php\/wp-json\/wp\/v2\/types\/product"}],"wp:featuredmedia":[{"embeddable":true,"href":"https:\/\/meloni.dk\/index.php\/wp-json\/wp\/v2\/media\/3378"}],"wp:attachment":[{"href":"https:\/\/meloni.dk\/index.php\/wp-json\/wp\/v2\/media?parent=2616"}],"wp:term":[{"taxonomy":"product_brand","embeddable":true,"href":"https:\/\/meloni.dk\/index.php\/wp-json\/wp\/v2\/product_brand?post=2616"},{"taxonomy":"product_cat","embeddable":true,"href":"https:\/\/meloni.dk\/index.php\/wp-json\/wp\/v2\/product_cat?post=2616"},{"taxonomy":"product_tag","embeddable":true,"href":"https:\/\/meloni.dk\/index.php\/wp-json\/wp\/v2\/product_tag?post=2616"}],"curies":[{"name":"wp","href":"https:\/\/api.w.org\/{rel}","templated":true}]}}