{"id":2613,"date":"2022-09-28T10:47:24","date_gmt":"2022-09-28T10:47:24","guid":{"rendered":"http:\/\/meloni.dk\/index.php\/product\/hekse\/"},"modified":"2025-01-05T11:07:56","modified_gmt":"2025-01-05T11:07:56","slug":"hekse","status":"publish","type":"product","link":"https:\/\/meloni.dk\/index.php\/product\/hekse\/","title":{"rendered":"Hekse"},"content":{"rendered":"<p>Troen p\u00e5 trolddom g\u00e5r langt tilbage. I tidlig middelalder blev hekse dog betragtet som hedensk overtro. Derfor ford\u00f8mte man dem, der jagede hekse og beskyldte andre for at have beg\u00e5et trolddom. Det \u00e6ndrede sig imidlertid i 1400-tallet. Nu indledte man en storstilet klapjagt p\u00e5 hekse og deres sammensvorne. Magi var dj\u00e6velens v\u00e6rk, og det skulle stoppes for enhver pris! Resultatet blev n\u00e6sten 250 \u00e5rs hekseforf\u00f8lgelse, hvor 40.000-60.000 mennesker, overvejende kvinder, blev tortureret og dr\u00e6bt.<\/p>\n","protected":false},"excerpt":{"rendered":"<p>Troen p\u00e5 trolddom g\u00e5r langt tilbage. I tidlig middelalder blev hekse dog betragtet som hedensk overtro. Derfor ford\u00f8mte man dem, der jagede hekse og beskyldte andre for at have beg\u00e5et trolddom. Det \u00e6ndrede sig imidlertid i 1400-tallet. Nu indledte man en storstilet klapjagt p\u00e5 hekse og deres sammensvorne. Magi var dj\u00e6velens v\u00e6rk, og det skulle stoppes for enhver pris! Resultatet blev n\u00e6sten 250 \u00e5rs hekseforf\u00f8lgelse, hvor 40.000-60.000 mennesker, overvejende kvinder, blev tortureret og dr\u00e6bt.<\/p>\n","protected":false},"featured_media":3375,"template":"","meta":[],"product_brand":[],"product_cat":[94,75],"product_tag":[],"class_list":{"0":"post-2613","1":"product","2":"type-product","3":"status-publish","4":"has-post-thumbnail","6":"product_cat-historisk-bibliotek","7":"product_cat-tilbud","9":"first","10":"instock","11":"taxable","12":"shipping-taxable","13":"purchasable","14":"product-type-variable","15":"has-default-attributes"},"_links":{"self":[{"href":"https:\/\/meloni.dk\/index.php\/wp-json\/wp\/v2\/product\/2613","targetHints":{"allow":["GET"]}}],"collection":[{"href":"https:\/\/meloni.dk\/index.php\/wp-json\/wp\/v2\/product"}],"about":[{"href":"https:\/\/meloni.dk\/index.php\/wp-json\/wp\/v2\/types\/product"}],"wp:featuredmedia":[{"embeddable":true,"href":"https:\/\/meloni.dk\/index.php\/wp-json\/wp\/v2\/media\/3375"}],"wp:attachment":[{"href":"https:\/\/meloni.dk\/index.php\/wp-json\/wp\/v2\/media?parent=2613"}],"wp:term":[{"taxonomy":"product_brand","embeddable":true,"href":"https:\/\/meloni.dk\/index.php\/wp-json\/wp\/v2\/product_brand?post=2613"},{"taxonomy":"product_cat","embeddable":true,"href":"https:\/\/meloni.dk\/index.php\/wp-json\/wp\/v2\/product_cat?post=2613"},{"taxonomy":"product_tag","embeddable":true,"href":"https:\/\/meloni.dk\/index.php\/wp-json\/wp\/v2\/product_tag?post=2613"}],"curies":[{"name":"wp","href":"https:\/\/api.w.org\/{rel}","templated":true}]}}