{"id":2609,"date":"2022-09-28T10:47:23","date_gmt":"2022-09-28T10:47:23","guid":{"rendered":"http:\/\/meloni.dk\/index.php\/product\/den-vildeste-jul\/"},"modified":"2024-11-25T09:33:36","modified_gmt":"2024-11-25T09:33:36","slug":"den-vildeste-jul","status":"publish","type":"product","link":"https:\/\/meloni.dk\/index.php\/product\/den-vildeste-jul\/","title":{"rendered":"Den vildeste jul"},"content":{"rendered":"<p>Den vildeste jul er historien om Jens Christians og lillebror Luffes jul.\u00a0En jul, der havde alle ingredienser til at blive en helt normal jul.\u00a0Med sne, julehjerter, sm\u00e5kager, tv-julekalender og masser af\u00a0juletraditioner. Og s\u00e5dan var julen da ogs\u00e5 begyndt. Men den endte\u00a0med at blive som ingen andre.<\/p>\n<p>Den vildeste jul er historien om en jul, hvor sneen v\u00e6ltede ned\u00a0som aldrig f\u00f8r. Hvor skolens nisselandskab gik op i r\u00f8g, et portr\u00e6t\u00a0blev klippet i Holgers sk\u00e6g, og far kom i st\u00f8det og dansede Electric\u00a0Boogie 10 \u00e5r f\u00f8r den dans overhovedet blev opfundet. Det er samtidig\u00a0en historie, hvor man m\u00e5 sp\u00f8rge sig selv, om man kan fange tyve med\u00a0en fiskestang, 30 kilo glaskugler, noget fritureolie, en halv meter af\u00a0mors k\u00e5lp\u00f8lse og en stor buste af rent guld.<\/p>\n<p>G\u00f8r dig klar til en livlig og sjov kalenderhistorie i 24 afsnit med jul i lange baner. Og om nogen der havde skumle planer.<\/p>\n","protected":false},"excerpt":{"rendered":"<p>Den vildeste jul er historien om Jens Christians og lillebror Luffes jul.\u00a0En jul, der havde alle ingredienser til at blive en helt normal jul.\u00a0Med sne, julehjerter, sm\u00e5kager, tv-julekalender og masser af\u00a0juletraditioner. Og s\u00e5dan var julen da ogs\u00e5 begyndt. Men den endte\u00a0med at blive som ingen andre.<\/p>\n<p>Den vildeste jul er historien om en jul, hvor sneen v\u00e6ltede ned\u00a0som aldrig f\u00f8r. Hvor skolens nisselandskab gik op i r\u00f8g, et portr\u00e6t\u00a0blev klippet i Holgers sk\u00e6g, og far kom i st\u00f8det og dansede Electric\u00a0Boogie 10 \u00e5r f\u00f8r den dans overhovedet blev opfundet. Det er samtidig\u00a0en historie, hvor man m\u00e5 sp\u00f8rge sig selv, om man kan fange tyve med\u00a0en fiskestang, 30 kilo glaskugler, noget fritureolie, en halv meter af\u00a0mors k\u00e5lp\u00f8lse og en stor buste af rent guld.<\/p>\n<p>G\u00f8r dig klar til en livlig og sjov kalenderhistorie i 24 afsnit med jul i lange baner. Og om nogen der havde skumle planer.<\/p>\n","protected":false},"featured_media":3898,"template":"","meta":[],"product_brand":[],"product_cat":[76],"product_tag":[],"class_list":{"0":"post-2609","1":"product","2":"type-product","3":"status-publish","4":"has-post-thumbnail","6":"product_cat-skoenlitteratur","8":"first","9":"instock","10":"taxable","11":"shipping-taxable","12":"purchasable","13":"product-type-simple"},"_links":{"self":[{"href":"https:\/\/meloni.dk\/index.php\/wp-json\/wp\/v2\/product\/2609","targetHints":{"allow":["GET"]}}],"collection":[{"href":"https:\/\/meloni.dk\/index.php\/wp-json\/wp\/v2\/product"}],"about":[{"href":"https:\/\/meloni.dk\/index.php\/wp-json\/wp\/v2\/types\/product"}],"wp:featuredmedia":[{"embeddable":true,"href":"https:\/\/meloni.dk\/index.php\/wp-json\/wp\/v2\/media\/3898"}],"wp:attachment":[{"href":"https:\/\/meloni.dk\/index.php\/wp-json\/wp\/v2\/media?parent=2609"}],"wp:term":[{"taxonomy":"product_brand","embeddable":true,"href":"https:\/\/meloni.dk\/index.php\/wp-json\/wp\/v2\/product_brand?post=2609"},{"taxonomy":"product_cat","embeddable":true,"href":"https:\/\/meloni.dk\/index.php\/wp-json\/wp\/v2\/product_cat?post=2609"},{"taxonomy":"product_tag","embeddable":true,"href":"https:\/\/meloni.dk\/index.php\/wp-json\/wp\/v2\/product_tag?post=2609"}],"curies":[{"name":"wp","href":"https:\/\/api.w.org\/{rel}","templated":true}]}}