{"id":2606,"date":"2022-09-28T10:47:23","date_gmt":"2022-09-28T10:47:23","guid":{"rendered":"http:\/\/meloni.dk\/index.php\/product\/tour-de-france\/"},"modified":"2024-11-25T11:31:52","modified_gmt":"2024-11-25T11:31:52","slug":"tour-de-france","status":"publish","type":"product","link":"https:\/\/meloni.dk\/index.php\/product\/tour-de-france\/","title":{"rendered":"Tour de France"},"content":{"rendered":"<p>Hvert \u00e5r samles millioner langs de franske lande- veje, hvor de h\u00e5ber at f\u00e5 et glimt af deres favorit, n\u00e5r Tour de France-feltet suser forbi. Tour de France er verdens st\u00f8rste cykell\u00f8b og verdens st\u00f8rste tilskuerbegivenhed. Men turen er meget mere end tilskuerne langs vejene. Det er ogs\u00e5 historien om et cykell\u00f8b med en mere end 100 \u00e5r gammel historie. Store ryttere og store dramaer, men ogs\u00e5 om folk, der har fors\u00f8gt at snyde p\u00e5 den ene eller anden m\u00e5de for at vinde l\u00f8bet. Alt det kan du l\u00e6se om i denne bog, s\u00e5 du er klar, n\u00e5r Tour de France i 2022 for f\u00f8rste gang nogensinde komme til Danmark.<\/p>\n","protected":false},"excerpt":{"rendered":"<p>Hvert \u00e5r samles millioner langs de franske lande- veje, hvor de h\u00e5ber at f\u00e5 et glimt af deres favorit, n\u00e5r Tour de France-feltet suser forbi. Tour de France er verdens st\u00f8rste cykell\u00f8b og verdens st\u00f8rste tilskuerbegivenhed. Men turen er meget mere end tilskuerne langs vejene. Det er ogs\u00e5 historien om et cykell\u00f8b med en mere end 100 \u00e5r gammel historie. Store ryttere og store dramaer, men ogs\u00e5 om folk, der har fors\u00f8gt at snyde p\u00e5 den ene eller anden m\u00e5de for at vinde l\u00f8bet. Alt det kan du l\u00e6se om i denne bog, s\u00e5 du er klar, n\u00e5r Tour de France i 2022 for f\u00f8rste gang nogensinde komme til Danmark.<\/p>\n","protected":false},"featured_media":3915,"template":"","meta":[],"product_brand":[],"product_cat":[25],"product_tag":[],"class_list":{"0":"post-2606","1":"product","2":"type-product","3":"status-publish","4":"has-post-thumbnail","6":"product_cat-faglig-laesning","8":"first","9":"instock","10":"taxable","11":"shipping-taxable","12":"purchasable","13":"product-type-simple"},"_links":{"self":[{"href":"https:\/\/meloni.dk\/index.php\/wp-json\/wp\/v2\/product\/2606","targetHints":{"allow":["GET"]}}],"collection":[{"href":"https:\/\/meloni.dk\/index.php\/wp-json\/wp\/v2\/product"}],"about":[{"href":"https:\/\/meloni.dk\/index.php\/wp-json\/wp\/v2\/types\/product"}],"wp:featuredmedia":[{"embeddable":true,"href":"https:\/\/meloni.dk\/index.php\/wp-json\/wp\/v2\/media\/3915"}],"wp:attachment":[{"href":"https:\/\/meloni.dk\/index.php\/wp-json\/wp\/v2\/media?parent=2606"}],"wp:term":[{"taxonomy":"product_brand","embeddable":true,"href":"https:\/\/meloni.dk\/index.php\/wp-json\/wp\/v2\/product_brand?post=2606"},{"taxonomy":"product_cat","embeddable":true,"href":"https:\/\/meloni.dk\/index.php\/wp-json\/wp\/v2\/product_cat?post=2606"},{"taxonomy":"product_tag","embeddable":true,"href":"https:\/\/meloni.dk\/index.php\/wp-json\/wp\/v2\/product_tag?post=2606"}],"curies":[{"name":"wp","href":"https:\/\/api.w.org\/{rel}","templated":true}]}}