{"id":2605,"date":"2022-09-28T10:47:22","date_gmt":"2022-09-28T10:47:22","guid":{"rendered":"http:\/\/meloni.dk\/index.php\/product\/danske-borge-faestninger\/"},"modified":"2024-11-25T11:33:00","modified_gmt":"2024-11-25T11:33:00","slug":"danske-borge-faestninger","status":"publish","type":"product","link":"https:\/\/meloni.dk\/index.php\/product\/danske-borge-faestninger\/","title":{"rendered":"Danske borge &#038; f\u00e6stninger"},"content":{"rendered":"<p>De findes overalt i Danmark og fra alle tider: De danske borge og f\u00e6stningsanl\u00e6g som er blevet opf\u00f8rt for at beskytte landet og befolkningen. Denne bog give en kort introduktion til borgenes historie og udvikling, og gennemg\u00e5r eksempler p\u00e5 forskellige borge fra forskellige tidsperioder.<\/p>\n","protected":false},"excerpt":{"rendered":"<p>De findes overalt i Danmark og fra alle tider: De danske borge og f\u00e6stningsanl\u00e6g som er blevet opf\u00f8rt for at beskytte landet og befolkningen. Denne bog give en kort introduktion til borgenes historie og udvikling, og gennemg\u00e5r eksempler p\u00e5 forskellige borge fra forskellige tidsperioder.<\/p>\n","protected":false},"featured_media":3916,"template":"","meta":[],"product_brand":[],"product_cat":[25],"product_tag":[],"class_list":{"0":"post-2605","1":"product","2":"type-product","3":"status-publish","4":"has-post-thumbnail","6":"product_cat-faglig-laesning","8":"first","9":"instock","10":"taxable","11":"shipping-taxable","12":"purchasable","13":"product-type-simple"},"_links":{"self":[{"href":"https:\/\/meloni.dk\/index.php\/wp-json\/wp\/v2\/product\/2605","targetHints":{"allow":["GET"]}}],"collection":[{"href":"https:\/\/meloni.dk\/index.php\/wp-json\/wp\/v2\/product"}],"about":[{"href":"https:\/\/meloni.dk\/index.php\/wp-json\/wp\/v2\/types\/product"}],"wp:featuredmedia":[{"embeddable":true,"href":"https:\/\/meloni.dk\/index.php\/wp-json\/wp\/v2\/media\/3916"}],"wp:attachment":[{"href":"https:\/\/meloni.dk\/index.php\/wp-json\/wp\/v2\/media?parent=2605"}],"wp:term":[{"taxonomy":"product_brand","embeddable":true,"href":"https:\/\/meloni.dk\/index.php\/wp-json\/wp\/v2\/product_brand?post=2605"},{"taxonomy":"product_cat","embeddable":true,"href":"https:\/\/meloni.dk\/index.php\/wp-json\/wp\/v2\/product_cat?post=2605"},{"taxonomy":"product_tag","embeddable":true,"href":"https:\/\/meloni.dk\/index.php\/wp-json\/wp\/v2\/product_tag?post=2605"}],"curies":[{"name":"wp","href":"https:\/\/api.w.org\/{rel}","templated":true}]}}