{"id":2599,"date":"2022-09-28T10:47:21","date_gmt":"2022-09-28T10:47:21","guid":{"rendered":"http:\/\/meloni.dk\/index.php\/product\/vikingerne\/"},"modified":"2025-05-31T04:29:58","modified_gmt":"2025-05-31T04:29:58","slug":"vikingerne","status":"publish","type":"product","link":"https:\/\/meloni.dk\/index.php\/product\/vikingerne\/","title":{"rendered":"Vikingerne"},"content":{"rendered":"<p>Den 8. juni 793 overfaldt en flok vikinger klostret i Lindisfarne. Angrebet var det f\u00f8rste af en lang r\u00e6kke angreb, og de n\u00e6ste 250 \u00e5r skulle r\u00e5bet \u201dVikingerne kommer\u201d brede sig til hele Europa. Men vikingerne var andet end blodt\u00f8rstige vildm\u00e6nd. De var ogs\u00e5 handelsm\u00e6nd og landm\u00e6nd. I den jyske by Jelling st\u00e5r en stor runesten. Den er rejst af Harald Bl\u00e5tand og fort\u00e6ller at kongen havde gjort danerne kristne. I denne bog fort\u00e6lles historien om vikingerne, deres samfund og kristendommens indtog.<\/p>\n","protected":false},"excerpt":{"rendered":"<p>Den 8. juni 793 overfaldt en flok vikinger klostret i Lindisfarne. Angrebet var det f\u00f8rste af en lang r\u00e6kke angreb, og de n\u00e6ste 250 \u00e5r skulle r\u00e5bet \u201dVikingerne kommer\u201d brede sig til hele Europa. Men vikingerne var andet end blodt\u00f8rstige vildm\u00e6nd. De var ogs\u00e5 handelsm\u00e6nd og landm\u00e6nd. I den jyske by Jelling st\u00e5r en stor runesten. Den er rejst af Harald Bl\u00e5tand og fort\u00e6ller at kongen havde gjort danerne kristne. I denne bog fort\u00e6lles historien om vikingerne, deres samfund og kristendommens indtog.<\/p>\n","protected":false},"featured_media":3379,"template":"","meta":[],"product_brand":[],"product_cat":[94],"product_tag":[],"class_list":{"0":"post-2599","1":"product","2":"type-product","3":"status-publish","4":"has-post-thumbnail","6":"product_cat-historisk-bibliotek","8":"first","9":"outofstock","10":"taxable","11":"shipping-taxable","12":"product-type-variable"},"_links":{"self":[{"href":"https:\/\/meloni.dk\/index.php\/wp-json\/wp\/v2\/product\/2599","targetHints":{"allow":["GET"]}}],"collection":[{"href":"https:\/\/meloni.dk\/index.php\/wp-json\/wp\/v2\/product"}],"about":[{"href":"https:\/\/meloni.dk\/index.php\/wp-json\/wp\/v2\/types\/product"}],"wp:featuredmedia":[{"embeddable":true,"href":"https:\/\/meloni.dk\/index.php\/wp-json\/wp\/v2\/media\/3379"}],"wp:attachment":[{"href":"https:\/\/meloni.dk\/index.php\/wp-json\/wp\/v2\/media?parent=2599"}],"wp:term":[{"taxonomy":"product_brand","embeddable":true,"href":"https:\/\/meloni.dk\/index.php\/wp-json\/wp\/v2\/product_brand?post=2599"},{"taxonomy":"product_cat","embeddable":true,"href":"https:\/\/meloni.dk\/index.php\/wp-json\/wp\/v2\/product_cat?post=2599"},{"taxonomy":"product_tag","embeddable":true,"href":"https:\/\/meloni.dk\/index.php\/wp-json\/wp\/v2\/product_tag?post=2599"}],"curies":[{"name":"wp","href":"https:\/\/api.w.org\/{rel}","templated":true}]}}