{"id":2597,"date":"2022-09-28T10:47:21","date_gmt":"2022-09-28T10:47:21","guid":{"rendered":"http:\/\/meloni.dk\/index.php\/product\/harald-blaatand\/"},"modified":"2025-01-05T11:09:35","modified_gmt":"2025-01-05T11:09:35","slug":"harald-blaatand","status":"publish","type":"product","link":"https:\/\/meloni.dk\/index.php\/product\/harald-blaatand\/","title":{"rendered":"Harald Bl\u00e5tand"},"content":{"rendered":"<p>Her i bogen kan du l\u00e6se om Harald Bl\u00e5tand. Han levede i vikingetiden og var konge over Danmark. Det er mere end 1000 \u00e5r siden. Harald gjorde is\u00e6r to ting, som han huskes for: Han rejste Jellingstenen og han gjorde danerne kristne. Det og meget andet kan du l\u00e6se om i denne bog.<\/p>\n","protected":false},"excerpt":{"rendered":"<p>Her i bogen kan du l\u00e6se om Harald Bl\u00e5tand. Han levede i vikingetiden og var konge over Danmark. Det er mere end 1000 \u00e5r siden. Harald gjorde is\u00e6r to ting, som han huskes for: Han rejste Jellingstenen og han gjorde danerne kristne. Det og meget andet kan du l\u00e6se om i denne bog.<\/p>\n","protected":false},"featured_media":3905,"template":"","meta":[],"product_brand":[],"product_cat":[75,95],"product_tag":[],"class_list":{"0":"post-2597","1":"product","2":"type-product","3":"status-publish","4":"has-post-thumbnail","6":"product_cat-tilbud","7":"product_cat-tjek-paa-historien","9":"first","10":"instock","11":"taxable","12":"shipping-taxable","13":"purchasable","14":"product-type-variable"},"_links":{"self":[{"href":"https:\/\/meloni.dk\/index.php\/wp-json\/wp\/v2\/product\/2597","targetHints":{"allow":["GET"]}}],"collection":[{"href":"https:\/\/meloni.dk\/index.php\/wp-json\/wp\/v2\/product"}],"about":[{"href":"https:\/\/meloni.dk\/index.php\/wp-json\/wp\/v2\/types\/product"}],"wp:featuredmedia":[{"embeddable":true,"href":"https:\/\/meloni.dk\/index.php\/wp-json\/wp\/v2\/media\/3905"}],"wp:attachment":[{"href":"https:\/\/meloni.dk\/index.php\/wp-json\/wp\/v2\/media?parent=2597"}],"wp:term":[{"taxonomy":"product_brand","embeddable":true,"href":"https:\/\/meloni.dk\/index.php\/wp-json\/wp\/v2\/product_brand?post=2597"},{"taxonomy":"product_cat","embeddable":true,"href":"https:\/\/meloni.dk\/index.php\/wp-json\/wp\/v2\/product_cat?post=2597"},{"taxonomy":"product_tag","embeddable":true,"href":"https:\/\/meloni.dk\/index.php\/wp-json\/wp\/v2\/product_tag?post=2597"}],"curies":[{"name":"wp","href":"https:\/\/api.w.org\/{rel}","templated":true}]}}