{"id":2592,"date":"2022-09-28T10:47:20","date_gmt":"2022-09-28T10:47:20","guid":{"rendered":"http:\/\/meloni.dk\/index.php\/product\/indblik-og-udsyn-6-klasse-laererens-haandbog\/"},"modified":"2024-11-25T12:10:00","modified_gmt":"2024-11-25T12:10:00","slug":"indblik-og-udsyn-6-klasse-laererens-haandbog","status":"publish","type":"product","link":"https:\/\/meloni.dk\/index.php\/product\/indblik-og-udsyn-6-klasse-laererens-haandbog\/","title":{"rendered":"Indblik og udsyn &#8211; 6. klasse &#8211; L\u00e6rerens h\u00e5ndbog"},"content":{"rendered":"<p>Emner i 6. klasse: Det rige Nordeuropa, Christian den 4., 30-\u00e5rs krigen, krisetider og statskup.<\/p>\n","protected":false},"excerpt":{"rendered":"<p>Emner i 6. klasse: Det rige Nordeuropa, Christian den 4., 30-\u00e5rs krigen, krisetider og statskup.<\/p>\n","protected":false},"featured_media":3921,"template":"","meta":[],"product_brand":[],"product_cat":[93],"product_tag":[],"class_list":{"0":"post-2592","1":"product","2":"type-product","3":"status-publish","4":"has-post-thumbnail","6":"product_cat-indblik-og-udsyn","8":"first","9":"instock","10":"taxable","11":"shipping-taxable","12":"purchasable","13":"product-type-simple"},"_links":{"self":[{"href":"https:\/\/meloni.dk\/index.php\/wp-json\/wp\/v2\/product\/2592","targetHints":{"allow":["GET"]}}],"collection":[{"href":"https:\/\/meloni.dk\/index.php\/wp-json\/wp\/v2\/product"}],"about":[{"href":"https:\/\/meloni.dk\/index.php\/wp-json\/wp\/v2\/types\/product"}],"wp:featuredmedia":[{"embeddable":true,"href":"https:\/\/meloni.dk\/index.php\/wp-json\/wp\/v2\/media\/3921"}],"wp:attachment":[{"href":"https:\/\/meloni.dk\/index.php\/wp-json\/wp\/v2\/media?parent=2592"}],"wp:term":[{"taxonomy":"product_brand","embeddable":true,"href":"https:\/\/meloni.dk\/index.php\/wp-json\/wp\/v2\/product_brand?post=2592"},{"taxonomy":"product_cat","embeddable":true,"href":"https:\/\/meloni.dk\/index.php\/wp-json\/wp\/v2\/product_cat?post=2592"},{"taxonomy":"product_tag","embeddable":true,"href":"https:\/\/meloni.dk\/index.php\/wp-json\/wp\/v2\/product_tag?post=2592"}],"curies":[{"name":"wp","href":"https:\/\/api.w.org\/{rel}","templated":true}]}}