{"id":2590,"date":"2022-09-28T10:47:19","date_gmt":"2022-09-28T10:47:19","guid":{"rendered":"http:\/\/meloni.dk\/index.php\/product\/tutankhamon\/"},"modified":"2024-11-25T12:55:24","modified_gmt":"2024-11-25T12:55:24","slug":"tutankhamon","status":"publish","type":"product","link":"https:\/\/meloni.dk\/index.php\/product\/tutankhamon\/","title":{"rendered":"Tutankhamon"},"content":{"rendered":"<p>Her i bogen kan du l\u00e6se om Tutankhamon. Han var farao i Egypten. En farao er n\u00e6sten det samme som en konge. Tutankhamon levede for over 3.300 \u00e5r siden. I bogen kan du l\u00e6se om ham og det land, han levede i.<\/p>\n","protected":false},"excerpt":{"rendered":"<p>Her i bogen kan du l\u00e6se om Tutankhamon. Han var farao i Egypten. En farao er n\u00e6sten det samme som en konge. Tutankhamon levede for over 3.300 \u00e5r siden. I bogen kan du l\u00e6se om ham og det land, han levede i.<\/p>\n","protected":false},"featured_media":3901,"template":"","meta":[],"product_brand":[],"product_cat":[95],"product_tag":[],"class_list":{"0":"post-2590","1":"product","2":"type-product","3":"status-publish","4":"has-post-thumbnail","6":"product_cat-tjek-paa-historien","8":"first","9":"instock","10":"taxable","11":"shipping-taxable","12":"purchasable","13":"product-type-simple"},"_links":{"self":[{"href":"https:\/\/meloni.dk\/index.php\/wp-json\/wp\/v2\/product\/2590","targetHints":{"allow":["GET"]}}],"collection":[{"href":"https:\/\/meloni.dk\/index.php\/wp-json\/wp\/v2\/product"}],"about":[{"href":"https:\/\/meloni.dk\/index.php\/wp-json\/wp\/v2\/types\/product"}],"wp:featuredmedia":[{"embeddable":true,"href":"https:\/\/meloni.dk\/index.php\/wp-json\/wp\/v2\/media\/3901"}],"wp:attachment":[{"href":"https:\/\/meloni.dk\/index.php\/wp-json\/wp\/v2\/media?parent=2590"}],"wp:term":[{"taxonomy":"product_brand","embeddable":true,"href":"https:\/\/meloni.dk\/index.php\/wp-json\/wp\/v2\/product_brand?post=2590"},{"taxonomy":"product_cat","embeddable":true,"href":"https:\/\/meloni.dk\/index.php\/wp-json\/wp\/v2\/product_cat?post=2590"},{"taxonomy":"product_tag","embeddable":true,"href":"https:\/\/meloni.dk\/index.php\/wp-json\/wp\/v2\/product_tag?post=2590"}],"curies":[{"name":"wp","href":"https:\/\/api.w.org\/{rel}","templated":true}]}}