{"id":2583,"date":"2022-09-28T10:47:17","date_gmt":"2022-09-28T10:47:17","guid":{"rendered":"http:\/\/meloni.dk\/index.php\/product\/sprog-i-fokus\/"},"modified":"2022-11-01T12:33:45","modified_gmt":"2022-11-01T12:33:45","slug":"sprog-i-fokus","status":"publish","type":"product","link":"https:\/\/meloni.dk\/index.php\/product\/sprog-i-fokus\/","title":{"rendered":"Sprog i fokus"},"content":{"rendered":"<p>I Danmark er flere skoler i stigende grad begyndt at efterlyse systematisk anvendelse af data, i forhold til hvordan de kan underst\u00f8tte f\u00f8rskoleelever og 0. klasseelever i sprogtilegnelsen. Dette skyldes den obligatoriske sprogvurdering i 0. klasse, som omfatter alle elever i landets folkeskoler. M\u00e5let er, at eleverne skal have de bedste foruds\u00e6tninger for en talesproglig og skriftsproglig udvikling, s\u00e5 den enkelte elev sikres de bedste livs- og deltagelsesmuligheder op gennem hele skoleforl\u00f8bet og senere i forhold til muligheder for uddannelsesvalg.<\/p>\n<p>Denne bog er t\u00e6nkt som en vejledning, der giver l\u00e6seren redskaber til, hvordan sprogarbejdet kan tilrettel\u00e6gges i forhold til:<br \/>\n\u2022 kortl\u00e6gning af en elev\u00e5rgang via sprogvurderingerne og overleveringspapirerne fra b\u00f8rnehaven<br \/>\n\u2022 planl\u00e6gning og udf\u00f8relse af sproglige indsatser<br \/>\n\u2022 for\u00e6ldresamarbejdet<br \/>\n\u2022 sprogstimulering af elever frem mod den obligatoriske sprogvurdering i 0.kl<br \/>\n\u2022 dokumentation i henhold til ledelsen.<\/p>\n<p>Materialet er nemt og tilg\u00e6ngeligt for p\u00e6dagoger, b\u00f8rnehaveklasseledere samt l\u00e6rere i landets folkeskoler, s\u00e5 sprogarbejdet hurtigt og let kan iv\u00e6rks\u00e6ttes, og indsatser implementeres. L\u00e6seren &#8220;tages i h\u00e5nden&#8221; og guides gennem hele processen i forhold til systematik og overblik.<\/p>\n","protected":false},"excerpt":{"rendered":"<p>I Danmark er flere skoler i stigende grad begyndt at efterlyse systematisk anvendelse af data, i forhold til hvordan de kan underst\u00f8tte f\u00f8rskoleelever og 0. klasseelever i sprogtilegnelsen. Dette skyldes den obligatoriske sprogvurdering i 0. klasse, som omfatter alle elever i landets folkeskoler. M\u00e5let er, at eleverne skal have de bedste foruds\u00e6tninger for en talesproglig og skriftsproglig udvikling, s\u00e5 den enkelte elev sikres de bedste livs- og deltagelsesmuligheder op gennem hele skoleforl\u00f8bet og senere i forhold til muligheder for uddannelsesvalg.<\/p>\n<p>Denne bog er t\u00e6nkt som en vejledning, der giver l\u00e6seren redskaber til, hvordan sprogarbejdet kan tilrettel\u00e6gges i forhold til:<br \/>\n\u2022 kortl\u00e6gning af en elev\u00e5rgang via sprogvurderingerne og overleveringspapirerne fra b\u00f8rnehaven<br \/>\n\u2022 planl\u00e6gning og udf\u00f8relse af sproglige indsatser<br \/>\n\u2022 for\u00e6ldresamarbejdet<br \/>\n\u2022 sprogstimulering af elever frem mod den obligatoriske sprogvurdering i 0.kl<br \/>\n\u2022 dokumentation i henhold til ledelsen.<\/p>\n<p>Materialet er nemt og tilg\u00e6ngeligt for p\u00e6dagoger, b\u00f8rnehaveklasseledere samt l\u00e6rere i landets folkeskoler, s\u00e5 sprogarbejdet hurtigt og let kan iv\u00e6rks\u00e6ttes, og indsatser implementeres. L\u00e6seren &#8220;tages i h\u00e5nden&#8221; og guides gennem hele processen i forhold til systematik og overblik.<\/p>\n","protected":false},"featured_media":2831,"template":"","meta":[],"product_brand":[],"product_cat":[73],"product_tag":[],"class_list":{"0":"post-2583","1":"product","2":"type-product","3":"status-publish","4":"has-post-thumbnail","6":"product_cat-dansk","8":"first","9":"instock","10":"taxable","11":"shipping-taxable","12":"purchasable","13":"product-type-simple"},"_links":{"self":[{"href":"https:\/\/meloni.dk\/index.php\/wp-json\/wp\/v2\/product\/2583","targetHints":{"allow":["GET"]}}],"collection":[{"href":"https:\/\/meloni.dk\/index.php\/wp-json\/wp\/v2\/product"}],"about":[{"href":"https:\/\/meloni.dk\/index.php\/wp-json\/wp\/v2\/types\/product"}],"wp:featuredmedia":[{"embeddable":true,"href":"https:\/\/meloni.dk\/index.php\/wp-json\/wp\/v2\/media\/2831"}],"wp:attachment":[{"href":"https:\/\/meloni.dk\/index.php\/wp-json\/wp\/v2\/media?parent=2583"}],"wp:term":[{"taxonomy":"product_brand","embeddable":true,"href":"https:\/\/meloni.dk\/index.php\/wp-json\/wp\/v2\/product_brand?post=2583"},{"taxonomy":"product_cat","embeddable":true,"href":"https:\/\/meloni.dk\/index.php\/wp-json\/wp\/v2\/product_cat?post=2583"},{"taxonomy":"product_tag","embeddable":true,"href":"https:\/\/meloni.dk\/index.php\/wp-json\/wp\/v2\/product_tag?post=2583"}],"curies":[{"name":"wp","href":"https:\/\/api.w.org\/{rel}","templated":true}]}}