{"id":2579,"date":"2022-09-28T10:47:17","date_gmt":"2022-09-28T10:47:17","guid":{"rendered":"http:\/\/meloni.dk\/index.php\/product\/indblik-og-udsyn-5-klasse-laererens-haandbog\/"},"modified":"2024-11-25T12:41:30","modified_gmt":"2024-11-25T12:41:30","slug":"indblik-og-udsyn-5-klasse-laererens-haandbog","status":"publish","type":"product","link":"https:\/\/meloni.dk\/index.php\/product\/indblik-og-udsyn-5-klasse-laererens-haandbog\/","title":{"rendered":"Indblik og udsyn &#8211; 5. klasse &#8211; L\u00e6rerens h\u00e5ndbog"},"content":{"rendered":"<p>I L\u00e6rerens H\u00e5ndbog gives den faglige bag-grundsviden for emnerne i elevbogen. L\u00e6rerens H\u00e5ndbog sikrer l\u00e6reren den solide baggrundsviden, der er n\u00f8dvendig, n\u00e5r man arbejder med historie. L\u00e6rerens H\u00e5ndbog rummer endvidere l\u00e6ringsm\u00e5l for de enkelte afsnit og metodiske tips til, hvordan man kan gribe undervisningen an. Der er desuden en r\u00e6kke aktivitetsark til hvert enkelt emne. Aktivitetsarkene hj\u00e6lper eleverne til en bredere forst\u00e5else og perspektivering af de behandlede emner.<\/p>\n","protected":false},"excerpt":{"rendered":"<p>I L\u00e6rerens H\u00e5ndbog gives den faglige bag-grundsviden for emnerne i elevbogen. L\u00e6rerens H\u00e5ndbog sikrer l\u00e6reren den solide baggrundsviden, der er n\u00f8dvendig, n\u00e5r man arbejder med historie. L\u00e6rerens H\u00e5ndbog rummer endvidere l\u00e6ringsm\u00e5l for de enkelte afsnit og metodiske tips til, hvordan man kan gribe undervisningen an. Der er desuden en r\u00e6kke aktivitetsark til hvert enkelt emne. Aktivitetsarkene hj\u00e6lper eleverne til en bredere forst\u00e5else og perspektivering af de behandlede emner.<\/p>\n","protected":false},"featured_media":3941,"template":"","meta":[],"product_brand":[],"product_cat":[93],"product_tag":[],"class_list":{"0":"post-2579","1":"product","2":"type-product","3":"status-publish","4":"has-post-thumbnail","6":"product_cat-indblik-og-udsyn","8":"first","9":"instock","10":"taxable","11":"shipping-taxable","12":"purchasable","13":"product-type-simple"},"_links":{"self":[{"href":"https:\/\/meloni.dk\/index.php\/wp-json\/wp\/v2\/product\/2579","targetHints":{"allow":["GET"]}}],"collection":[{"href":"https:\/\/meloni.dk\/index.php\/wp-json\/wp\/v2\/product"}],"about":[{"href":"https:\/\/meloni.dk\/index.php\/wp-json\/wp\/v2\/types\/product"}],"wp:featuredmedia":[{"embeddable":true,"href":"https:\/\/meloni.dk\/index.php\/wp-json\/wp\/v2\/media\/3941"}],"wp:attachment":[{"href":"https:\/\/meloni.dk\/index.php\/wp-json\/wp\/v2\/media?parent=2579"}],"wp:term":[{"taxonomy":"product_brand","embeddable":true,"href":"https:\/\/meloni.dk\/index.php\/wp-json\/wp\/v2\/product_brand?post=2579"},{"taxonomy":"product_cat","embeddable":true,"href":"https:\/\/meloni.dk\/index.php\/wp-json\/wp\/v2\/product_cat?post=2579"},{"taxonomy":"product_tag","embeddable":true,"href":"https:\/\/meloni.dk\/index.php\/wp-json\/wp\/v2\/product_tag?post=2579"}],"curies":[{"name":"wp","href":"https:\/\/api.w.org\/{rel}","templated":true}]}}