{"id":2578,"date":"2022-09-28T10:47:17","date_gmt":"2022-09-28T10:47:17","guid":{"rendered":"http:\/\/meloni.dk\/index.php\/product\/danmarks-oldtid\/"},"modified":"2024-11-25T12:53:03","modified_gmt":"2024-11-25T12:53:03","slug":"danmarks-oldtid","status":"publish","type":"product","link":"https:\/\/meloni.dk\/index.php\/product\/danmarks-oldtid\/","title":{"rendered":"Danmarks Oldtid"},"content":{"rendered":"<p>Danmarks Oldtid begyndte med en indvandring af rensdyrj\u00e6gere sydfra og sluttede med vikingernes tab af England. Ind imellem opgav \u201ddanskerne\u201d det frie, omflakkende liv som j\u00e6gere og samlere for i stedet at blive bofaste b\u00f8nder. De byggede 1000-vis af storstensgrave og gravh\u00f8je, l\u00e6rte at st\u00f8be lurer af bronze og drikke \u00f8l af fornemme romerske vinglas. Fremgang blev afl\u00f8st af krise \u2013 og omvendt. Bogen \u201dDanmarks Oldtid\u201d fort\u00e6ller om den periode af Danmarkshistorien, der g\u00e5r fra ca. 12.500 f.Kr. til godt 1.000 e.Kr.<\/p>\n","protected":false},"excerpt":{"rendered":"<p>Danmarks Oldtid begyndte med en indvandring af rensdyrj\u00e6gere sydfra og sluttede med vikingernes tab af England. Ind imellem opgav \u201ddanskerne\u201d det frie, omflakkende liv som j\u00e6gere og samlere for i stedet at blive bofaste b\u00f8nder. De byggede 1000-vis af storstensgrave og gravh\u00f8je, l\u00e6rte at st\u00f8be lurer af bronze og drikke \u00f8l af fornemme romerske vinglas. Fremgang blev afl\u00f8st af krise \u2013 og omvendt. Bogen \u201dDanmarks Oldtid\u201d fort\u00e6ller om den periode af Danmarkshistorien, der g\u00e5r fra ca. 12.500 f.Kr. til godt 1.000 e.Kr.<\/p>\n","protected":false},"featured_media":3902,"template":"","meta":[],"product_brand":[],"product_cat":[94],"product_tag":[],"class_list":{"0":"post-2578","1":"product","2":"type-product","3":"status-publish","4":"has-post-thumbnail","6":"product_cat-historisk-bibliotek","8":"first","9":"instock","10":"taxable","11":"shipping-taxable","12":"purchasable","13":"product-type-simple"},"_links":{"self":[{"href":"https:\/\/meloni.dk\/index.php\/wp-json\/wp\/v2\/product\/2578","targetHints":{"allow":["GET"]}}],"collection":[{"href":"https:\/\/meloni.dk\/index.php\/wp-json\/wp\/v2\/product"}],"about":[{"href":"https:\/\/meloni.dk\/index.php\/wp-json\/wp\/v2\/types\/product"}],"wp:featuredmedia":[{"embeddable":true,"href":"https:\/\/meloni.dk\/index.php\/wp-json\/wp\/v2\/media\/3902"}],"wp:attachment":[{"href":"https:\/\/meloni.dk\/index.php\/wp-json\/wp\/v2\/media?parent=2578"}],"wp:term":[{"taxonomy":"product_brand","embeddable":true,"href":"https:\/\/meloni.dk\/index.php\/wp-json\/wp\/v2\/product_brand?post=2578"},{"taxonomy":"product_cat","embeddable":true,"href":"https:\/\/meloni.dk\/index.php\/wp-json\/wp\/v2\/product_cat?post=2578"},{"taxonomy":"product_tag","embeddable":true,"href":"https:\/\/meloni.dk\/index.php\/wp-json\/wp\/v2\/product_tag?post=2578"}],"curies":[{"name":"wp","href":"https:\/\/api.w.org\/{rel}","templated":true}]}}