{"id":2576,"date":"2022-09-28T10:47:16","date_gmt":"2022-09-28T10:47:16","guid":{"rendered":"http:\/\/meloni.dk\/index.php\/product\/absalon\/"},"modified":"2025-01-05T11:09:58","modified_gmt":"2025-01-05T11:09:58","slug":"absalon","status":"publish","type":"product","link":"https:\/\/meloni.dk\/index.php\/product\/absalon\/","title":{"rendered":"Absalon"},"content":{"rendered":"<p>I denne bog kan du l\u00e6se om Absalon. Han var biskop og levede i 1100-tallet. P\u00e5 det tidspunkt var Danmark plaget af to ting: S\u00f8r\u00f8vere og borgerkrig. Absalon gik i kamp mod s\u00f8r\u00f8verne. Og han st\u00f8ttede sin ven, Valdemar, i striden om, hvem der skulle v\u00e6re Danmarks konge.<\/p>\n","protected":false},"excerpt":{"rendered":"<p>I denne bog kan du l\u00e6se om Absalon. Han var biskop og levede i 1100-tallet. P\u00e5 det tidspunkt var Danmark plaget af to ting: S\u00f8r\u00f8vere og borgerkrig. Absalon gik i kamp mod s\u00f8r\u00f8verne. Og han st\u00f8ttede sin ven, Valdemar, i striden om, hvem der skulle v\u00e6re Danmarks konge.<\/p>\n","protected":false},"featured_media":3907,"template":"","meta":[],"product_brand":[],"product_cat":[75,95],"product_tag":[],"class_list":{"0":"post-2576","1":"product","2":"type-product","3":"status-publish","4":"has-post-thumbnail","6":"product_cat-tilbud","7":"product_cat-tjek-paa-historien","9":"first","10":"instock","11":"taxable","12":"shipping-taxable","13":"purchasable","14":"product-type-variable"},"_links":{"self":[{"href":"https:\/\/meloni.dk\/index.php\/wp-json\/wp\/v2\/product\/2576","targetHints":{"allow":["GET"]}}],"collection":[{"href":"https:\/\/meloni.dk\/index.php\/wp-json\/wp\/v2\/product"}],"about":[{"href":"https:\/\/meloni.dk\/index.php\/wp-json\/wp\/v2\/types\/product"}],"wp:featuredmedia":[{"embeddable":true,"href":"https:\/\/meloni.dk\/index.php\/wp-json\/wp\/v2\/media\/3907"}],"wp:attachment":[{"href":"https:\/\/meloni.dk\/index.php\/wp-json\/wp\/v2\/media?parent=2576"}],"wp:term":[{"taxonomy":"product_brand","embeddable":true,"href":"https:\/\/meloni.dk\/index.php\/wp-json\/wp\/v2\/product_brand?post=2576"},{"taxonomy":"product_cat","embeddable":true,"href":"https:\/\/meloni.dk\/index.php\/wp-json\/wp\/v2\/product_cat?post=2576"},{"taxonomy":"product_tag","embeddable":true,"href":"https:\/\/meloni.dk\/index.php\/wp-json\/wp\/v2\/product_tag?post=2576"}],"curies":[{"name":"wp","href":"https:\/\/api.w.org\/{rel}","templated":true}]}}