{"id":2575,"date":"2022-09-28T10:47:16","date_gmt":"2022-09-28T10:47:16","guid":{"rendered":"http:\/\/meloni.dk\/index.php\/product\/baeredygtigt-design\/"},"modified":"2023-12-20T13:11:20","modified_gmt":"2023-12-20T13:11:20","slug":"baeredygtigt-design","status":"publish","type":"product","link":"https:\/\/meloni.dk\/index.php\/product\/baeredygtigt-design\/","title":{"rendered":"B\u00e6redygtigt Design"},"content":{"rendered":"<p>B\u00e6redygtigt design er et oplagt tema i skolen, der giver mulighed for at arbejde b\u00e5de teoretisk og praktisk med emner som genbrug, redesign, \u00bbVugge til vugge\u00ab, fair trade og materialel\u00e6re. Undervisningsmaterialets teoretiske del, der giver en kort indf\u00f8ring i emnet b\u00e6redygtigt design, indeholder en r\u00e6kke temasider med henvisninger til litteratur og websites med mulighed for yderligere fordybelse. Praksiseksemplerne introduceres for l\u00e6reren med forslag til opl\u00e6g og forberedelse. I de eksempler p\u00e5 design, som eleverne kan arbejde med, er der tilstr\u00e6bt en variation i forhold til brugen af materialer, teknikker og arbejdsmetoder. Praksissiderne, der er m\u00e6rket med DIY (Do it yourself), er billedrige og illustrative og er direkte rettet mod eleverne for at st\u00f8tte deres arbejdsprocesser. Undervisningsmaterialet knytter ikke an til et specifikt fag, men kan bruges i fag som h\u00e5ndarbejde, sl\u00f8jd, h\u00e5ndv\u00e6rk og design, eller ikke mindst i forbindelse med tv\u00e6rg\u00e5ende emner og problemstillinger p\u00e5 mellemtrinnet, hvor b\u00e6redygtighed er p\u00e5 dagsordenen.<\/p>\n","protected":false},"excerpt":{"rendered":"<p>B\u00e6redygtigt design er et oplagt tema i skolen, der giver mulighed for at arbejde b\u00e5de teoretisk og praktisk med emner som genbrug, redesign, \u00bbVugge til vugge\u00ab, fair trade og materialel\u00e6re. Undervisningsmaterialets teoretiske del, der giver en kort indf\u00f8ring i emnet b\u00e6redygtigt design, indeholder en r\u00e6kke temasider med henvisninger til litteratur og websites med mulighed for yderligere fordybelse. Praksiseksemplerne introduceres for l\u00e6reren med forslag til opl\u00e6g og forberedelse. I de eksempler p\u00e5 design, som eleverne kan arbejde med, er der tilstr\u00e6bt en variation i forhold til brugen af materialer, teknikker og arbejdsmetoder. Praksissiderne, der er m\u00e6rket med DIY (Do it yourself), er billedrige og illustrative og er direkte rettet mod eleverne for at st\u00f8tte deres arbejdsprocesser. Undervisningsmaterialet knytter ikke an til et specifikt fag, men kan bruges i fag som h\u00e5ndarbejde, sl\u00f8jd, h\u00e5ndv\u00e6rk og design, eller ikke mindst i forbindelse med tv\u00e6rg\u00e5ende emner og problemstillinger p\u00e5 mellemtrinnet, hvor b\u00e6redygtighed er p\u00e5 dagsordenen.<\/p>\n","protected":false},"featured_media":3384,"template":"","meta":[],"product_brand":[],"product_cat":[22],"product_tag":[],"class_list":{"0":"post-2575","1":"product","2":"type-product","3":"status-publish","4":"has-post-thumbnail","6":"product_cat-haandvaerk-og-design","8":"first","9":"instock","10":"taxable","11":"shipping-taxable","12":"purchasable","13":"product-type-simple"},"_links":{"self":[{"href":"https:\/\/meloni.dk\/index.php\/wp-json\/wp\/v2\/product\/2575","targetHints":{"allow":["GET"]}}],"collection":[{"href":"https:\/\/meloni.dk\/index.php\/wp-json\/wp\/v2\/product"}],"about":[{"href":"https:\/\/meloni.dk\/index.php\/wp-json\/wp\/v2\/types\/product"}],"wp:featuredmedia":[{"embeddable":true,"href":"https:\/\/meloni.dk\/index.php\/wp-json\/wp\/v2\/media\/3384"}],"wp:attachment":[{"href":"https:\/\/meloni.dk\/index.php\/wp-json\/wp\/v2\/media?parent=2575"}],"wp:term":[{"taxonomy":"product_brand","embeddable":true,"href":"https:\/\/meloni.dk\/index.php\/wp-json\/wp\/v2\/product_brand?post=2575"},{"taxonomy":"product_cat","embeddable":true,"href":"https:\/\/meloni.dk\/index.php\/wp-json\/wp\/v2\/product_cat?post=2575"},{"taxonomy":"product_tag","embeddable":true,"href":"https:\/\/meloni.dk\/index.php\/wp-json\/wp\/v2\/product_tag?post=2575"}],"curies":[{"name":"wp","href":"https:\/\/api.w.org\/{rel}","templated":true}]}}