{"id":2561,"date":"2022-09-28T10:47:13","date_gmt":"2022-09-28T10:47:13","guid":{"rendered":"http:\/\/meloni.dk\/index.php\/product\/eu\/"},"modified":"2025-01-05T11:13:49","modified_gmt":"2025-01-05T11:13:49","slug":"eu","status":"publish","type":"product","link":"https:\/\/meloni.dk\/index.php\/product\/eu\/","title":{"rendered":"EU"},"content":{"rendered":"<p>I 1945 sluttede Den 2. Verdenskrig. Kort efter blev en r\u00e6kke lande enige om at samarbejde for at undg\u00e5 at komme i krig igen. Det samarbejde har siden udviklet sig til det vi idag kender som Den Europ\u00e6iske Union, EU.<\/p>\n<p>I denne bog kan du blive mega klog p\u00e5 EU. Du kan l\u00e6se om, hvad EU laver, bestemmer og hvordan det p\u00e5virker dig.<\/p>\n","protected":false},"excerpt":{"rendered":"<p>I 1945 sluttede Den 2. Verdenskrig. Kort efter blev en r\u00e6kke lande enige om at samarbejde for at undg\u00e5 at komme i krig igen. Det samarbejde har siden udviklet sig til det vi idag kender som Den Europ\u00e6iske Union, EU.<\/p>\n<p>I denne bog kan du blive mega klog p\u00e5 EU. Du kan l\u00e6se om, hvad EU laver, bestemmer og hvordan det p\u00e5virker dig.<\/p>\n","protected":false},"featured_media":2747,"template":"","meta":[],"product_brand":[],"product_cat":[25,75],"product_tag":[],"class_list":{"0":"post-2561","1":"product","2":"type-product","3":"status-publish","4":"has-post-thumbnail","6":"product_cat-faglig-laesning","7":"product_cat-tilbud","9":"first","10":"instock","11":"taxable","12":"shipping-taxable","13":"purchasable","14":"product-type-variable"},"_links":{"self":[{"href":"https:\/\/meloni.dk\/index.php\/wp-json\/wp\/v2\/product\/2561","targetHints":{"allow":["GET"]}}],"collection":[{"href":"https:\/\/meloni.dk\/index.php\/wp-json\/wp\/v2\/product"}],"about":[{"href":"https:\/\/meloni.dk\/index.php\/wp-json\/wp\/v2\/types\/product"}],"wp:featuredmedia":[{"embeddable":true,"href":"https:\/\/meloni.dk\/index.php\/wp-json\/wp\/v2\/media\/2747"}],"wp:attachment":[{"href":"https:\/\/meloni.dk\/index.php\/wp-json\/wp\/v2\/media?parent=2561"}],"wp:term":[{"taxonomy":"product_brand","embeddable":true,"href":"https:\/\/meloni.dk\/index.php\/wp-json\/wp\/v2\/product_brand?post=2561"},{"taxonomy":"product_cat","embeddable":true,"href":"https:\/\/meloni.dk\/index.php\/wp-json\/wp\/v2\/product_cat?post=2561"},{"taxonomy":"product_tag","embeddable":true,"href":"https:\/\/meloni.dk\/index.php\/wp-json\/wp\/v2\/product_tag?post=2561"}],"curies":[{"name":"wp","href":"https:\/\/api.w.org\/{rel}","templated":true}]}}