{"id":2038,"date":"2022-03-28T11:43:08","date_gmt":"2022-03-28T11:43:08","guid":{"rendered":"http:\/\/meloni.dk\/?post_type=product&#038;p=2038"},"modified":"2024-11-25T12:44:26","modified_gmt":"2024-11-25T12:44:26","slug":"indblik-og-udsyn-proeveoplaeg-til-historie","status":"publish","type":"product","link":"https:\/\/meloni.dk\/index.php\/product\/indblik-og-udsyn-proeveoplaeg-til-historie\/","title":{"rendered":"Pr\u00f8veopl\u00e6g til historie &#8211; Indblik og udsyn"},"content":{"rendered":"<p>Bogen indeholder 18 pr\u00f8veopl\u00e6g, der passer til grundb\u00f8gerne i 8. og 9. klasse i systemet Indblik og udsyn. Men da pr\u00f8veopl\u00e6ggene d\u00e6kker alle de kanonpunkter, der traditionelt arbejdes med i 8.og 9. klasse, kan opl\u00e6ggene benyttes af alle historiel\u00e6rere.<\/p>\n<p>Ud over selve pr\u00f8veopl\u00e6ggene med tilh\u00f8rende kilder indeholder bogen \u0094tanker bag sp\u00f8rgsm\u00e5lene\u0094, som kan hj\u00e6lpe den enkelte l\u00e6rer under pr\u00f8vens afvikling og med bed\u00f8mmelse af elevens indsats.<\/p>\n","protected":false},"excerpt":{"rendered":"<p>Bogen indeholder 18 pr\u00f8veopl\u00e6g, der passer til grundb\u00f8gerne i 8. og 9. klasse i systemet Indblik og udsyn. Men da pr\u00f8veopl\u00e6ggene d\u00e6kker alle de kanonpunkter, der traditionelt arbejdes med i 8.og 9. klasse, kan opl\u00e6ggene benyttes af alle historiel\u00e6rere.<\/p>\n<p>Ud over selve pr\u00f8veopl\u00e6ggene med tilh\u00f8rende kilder indeholder bogen \u0094tanker bag sp\u00f8rgsm\u00e5lene\u0094, som kan hj\u00e6lpe den enkelte l\u00e6rer under pr\u00f8vens afvikling og med bed\u00f8mmelse af elevens indsats.<\/p>\n","protected":false},"featured_media":2040,"template":"","meta":[],"product_brand":[],"product_cat":[93,26],"product_tag":[],"class_list":{"0":"post-2038","1":"product","2":"type-product","3":"status-publish","4":"has-post-thumbnail","6":"product_cat-indblik-og-udsyn","7":"product_cat-katalog","9":"first","10":"instock","11":"taxable","12":"shipping-taxable","13":"purchasable","14":"product-type-simple"},"_links":{"self":[{"href":"https:\/\/meloni.dk\/index.php\/wp-json\/wp\/v2\/product\/2038","targetHints":{"allow":["GET"]}}],"collection":[{"href":"https:\/\/meloni.dk\/index.php\/wp-json\/wp\/v2\/product"}],"about":[{"href":"https:\/\/meloni.dk\/index.php\/wp-json\/wp\/v2\/types\/product"}],"wp:featuredmedia":[{"embeddable":true,"href":"https:\/\/meloni.dk\/index.php\/wp-json\/wp\/v2\/media\/2040"}],"wp:attachment":[{"href":"https:\/\/meloni.dk\/index.php\/wp-json\/wp\/v2\/media?parent=2038"}],"wp:term":[{"taxonomy":"product_brand","embeddable":true,"href":"https:\/\/meloni.dk\/index.php\/wp-json\/wp\/v2\/product_brand?post=2038"},{"taxonomy":"product_cat","embeddable":true,"href":"https:\/\/meloni.dk\/index.php\/wp-json\/wp\/v2\/product_cat?post=2038"},{"taxonomy":"product_tag","embeddable":true,"href":"https:\/\/meloni.dk\/index.php\/wp-json\/wp\/v2\/product_tag?post=2038"}],"curies":[{"name":"wp","href":"https:\/\/api.w.org\/{rel}","templated":true}]}}