{"id":1281,"date":"2022-03-21T08:00:09","date_gmt":"2022-03-21T08:00:09","guid":{"rendered":"http:\/\/meloni.dk\/?page_id=1281"},"modified":"2024-12-17T08:19:34","modified_gmt":"2024-12-17T08:19:34","slug":"downloads","status":"publish","type":"page","link":"https:\/\/meloni.dk\/index.php\/downloads\/","title":{"rendered":"Downloads"},"content":{"rendered":"\t\t<div data-elementor-type=\"wp-page\" data-elementor-id=\"1281\" class=\"elementor elementor-1281\" data-elementor-post-type=\"page\">\n\t\t\t\t\t\t<section class=\"elementor-section elementor-top-section elementor-element elementor-element-b5d376a elementor-section-boxed elementor-section-height-default elementor-section-height-default\" data-id=\"b5d376a\" data-element_type=\"section\" data-e-type=\"section\">\n\t\t\t\t\t\t<div class=\"elementor-container elementor-column-gap-default\">\n\t\t\t\t\t<div class=\"elementor-column elementor-col-100 elementor-top-column elementor-element elementor-element-41011d9\" data-id=\"41011d9\" data-element_type=\"column\" data-e-type=\"column\">\n\t\t\t<div class=\"elementor-widget-wrap elementor-element-populated\">\n\t\t\t\t\t\t<div class=\"elementor-element elementor-element-be38534 elementor-widget elementor-widget-heading\" data-id=\"be38534\" data-element_type=\"widget\" data-e-type=\"widget\" data-widget_type=\"heading.default\">\n\t\t\t\t<div class=\"elementor-widget-container\">\n\t\t\t\t\t<h2 class=\"elementor-heading-title elementor-size-default\">Download gratis materiale<\/h2>\t\t\t\t<\/div>\n\t\t\t\t<\/div>\n\t\t\t\t<div class=\"elementor-element elementor-element-0cb970c elementor-widget elementor-widget-text-editor\" data-id=\"0cb970c\" data-element_type=\"widget\" data-e-type=\"widget\" data-widget_type=\"text-editor.default\">\n\t\t\t\t<div class=\"elementor-widget-container\">\n\t\t\t\t\t\t\t\t\t<p>L\u00e6rervejledninger og elevopgaver<\/p>\t\t\t\t\t\t\t\t<\/div>\n\t\t\t\t<\/div>\n\t\t\t\t<section class=\"elementor-section elementor-inner-section elementor-element elementor-element-0d1151f elementor-section-boxed elementor-section-height-default elementor-section-height-default\" data-id=\"0d1151f\" data-element_type=\"section\" data-e-type=\"section\">\n\t\t\t\t\t\t<div class=\"elementor-container elementor-column-gap-default\">\n\t\t\t\t\t<div class=\"elementor-column elementor-col-25 elementor-inner-column elementor-element elementor-element-a1d9f7d\" data-id=\"a1d9f7d\" data-element_type=\"column\" data-e-type=\"column\" data-settings=\"{&quot;background_background&quot;:&quot;classic&quot;}\">\n\t\t\t<div class=\"elementor-widget-wrap elementor-element-populated\">\n\t\t\t\t\t\t<div class=\"elementor-element elementor-element-3cddb76 elementor-widget elementor-widget-text-editor\" data-id=\"3cddb76\" data-element_type=\"widget\" data-e-type=\"widget\" data-widget_type=\"text-editor.default\">\n\t\t\t\t<div class=\"elementor-widget-container\">\n\t\t\t\t\t\t\t\t\t<p><a href=\"http:\/\/meloni.dk\/wp-content\/uploads\/2022\/03\/vejledning_1864.pdf\">1864<\/a><\/p><p><a href=\"http:\/\/meloni.dk\/wp-content\/uploads\/2022\/03\/absalon.pdf\">Absalon<\/a><\/p><p><a href=\"http:\/\/meloni.dk\/wp-content\/uploads\/2022\/03\/vejledning_besaettelsen.pdf\">Bes\u00e6ttelsen<\/a><\/p><p><a href=\"http:\/\/meloni.dk\/wp-content\/uploads\/2022\/03\/vejledning_chr.4.pdf\">Christian den 4.<\/a><\/p><p><a href=\"http:\/\/meloni.dk\/wp-content\/uploads\/2022\/03\/columbus.pdf\">Columbus<\/a><\/p><p><a href=\"http:\/\/meloni.dk\/wp-content\/uploads\/2022\/03\/vejledning_danmarksoldtid.pdf\">Danmarks Oldtid<\/a><\/p><p><a href=\"http:\/\/meloni.dk\/wp-content\/uploads\/2022\/03\/vejledning_kolonier.pdf\">Danmarks Tropekolonier<\/a><\/p><p>\u00a0<\/p>\t\t\t\t\t\t\t\t<\/div>\n\t\t\t\t<\/div>\n\t\t\t\t\t<\/div>\n\t\t<\/div>\n\t\t\t\t<div class=\"elementor-column elementor-col-25 elementor-inner-column elementor-element elementor-element-b5c7fb8\" data-id=\"b5c7fb8\" data-element_type=\"column\" data-e-type=\"column\">\n\t\t\t<div class=\"elementor-widget-wrap elementor-element-populated\">\n\t\t\t\t\t\t<div class=\"elementor-element elementor-element-645fa91 elementor-widget elementor-widget-text-editor\" data-id=\"645fa91\" data-element_type=\"widget\" data-e-type=\"widget\" data-widget_type=\"text-editor.default\">\n\t\t\t\t<div class=\"elementor-widget-container\">\n\t\t\t\t\t\t\t\t\t<p><a style=\"background-color: #ffffff;\" href=\"http:\/\/meloni.dk\/wp-content\/uploads\/2022\/03\/egtvedpigen.pdf\">Egtvedpigen<\/a><\/p><p><a href=\"http:\/\/meloni.dk\/wp-content\/uploads\/2022\/03\/vejledning_englandskrigene.pdf\">Englandskrigene<\/a><\/p><p><a href=\"http:\/\/meloni.dk\/wp-content\/uploads\/2022\/03\/vejledning_frederik_den_6.pdf\">Frederik den 6.<\/a><\/p><p><a href=\"http:\/\/meloni.dk\/wp-content\/uploads\/2022\/03\/grundloven.pdf\">Grundloven &#8211; Demokrati i Danmark<\/a><\/p><p><a href=\"http:\/\/meloni.dk\/wp-content\/uploads\/2022\/03\/vejledning_grundloven.pdf\">Grundloven 1849<\/a><\/p><p><a href=\"http:\/\/meloni.dk\/wp-content\/uploads\/2022\/03\/harald.pdf\">Harald Bl\u00e5tand<\/a><\/p><p><a style=\"background-color: #ffffff;\" href=\"http:\/\/meloni.dk\/wp-content\/uploads\/2022\/03\/vejledning_hekse.pdf\">Hekse<\/a><\/p>\t\t\t\t\t\t\t\t<\/div>\n\t\t\t\t<\/div>\n\t\t\t\t\t<\/div>\n\t\t<\/div>\n\t\t\t\t<div class=\"elementor-column elementor-col-25 elementor-inner-column elementor-element elementor-element-2a0ef0d\" data-id=\"2a0ef0d\" data-element_type=\"column\" data-e-type=\"column\" data-settings=\"{&quot;background_background&quot;:&quot;classic&quot;}\">\n\t\t\t<div class=\"elementor-widget-wrap elementor-element-populated\">\n\t\t\t\t\t\t<div class=\"elementor-element elementor-element-113735d elementor-widget elementor-widget-text-editor\" data-id=\"113735d\" data-element_type=\"widget\" data-e-type=\"widget\" data-widget_type=\"text-editor.default\">\n\t\t\t\t<div class=\"elementor-widget-container\">\n\t\t\t\t\t\t\t\t\t<p><a href=\"http:\/\/meloni.dk\/wp-content\/uploads\/2022\/03\/krigen_1864.pdf\">Krigen 1864<\/a><\/p><p><a href=\"http:\/\/meloni.dk\/wp-content\/uploads\/2022\/03\/kaeremorfar.pdf\">K\u00e6re Morfar<\/a><\/p><p><a href=\"http:\/\/meloni.dk\/wp-content\/uploads\/2022\/03\/margrete.pdf\">Margrete den 1.<\/a><\/p><p><a href=\"http:\/\/meloni.dk\/wp-content\/uploads\/2022\/03\/martin_luther.pdf\">Martin Luther<\/a><\/p><p><a href=\"http:\/\/meloni.dk\/wp-content\/uploads\/2022\/03\/vejledning_napoleon.pdf\">Napoleon<\/a><\/p><p><a href=\"http:\/\/meloni.dk\/wp-content\/uploads\/2022\/03\/proveoplaeg.pdf\">Pr\u00f8veopl\u00e6g til historie<\/a><\/p><p><a href=\"http:\/\/meloni.dk\/wp-content\/uploads\/2022\/03\/stofsakspapir.pdf\">Stof, saks, papir<\/a><\/p>\t\t\t\t\t\t\t\t<\/div>\n\t\t\t\t<\/div>\n\t\t\t\t\t<\/div>\n\t\t<\/div>\n\t\t\t\t<div class=\"elementor-column elementor-col-25 elementor-inner-column elementor-element elementor-element-295f38b\" data-id=\"295f38b\" data-element_type=\"column\" data-e-type=\"column\">\n\t\t\t<div class=\"elementor-widget-wrap elementor-element-populated\">\n\t\t\t\t\t\t<div class=\"elementor-element elementor-element-41edad3 elementor-widget elementor-widget-text-editor\" data-id=\"41edad3\" data-element_type=\"widget\" data-e-type=\"widget\" data-widget_type=\"text-editor.default\">\n\t\t\t\t<div class=\"elementor-widget-container\">\n\t\t\t\t\t\t\t\t\t<p><a style=\"background-color: #ffffff;\" href=\"http:\/\/meloni.dk\/wp-content\/uploads\/2022\/03\/vejledning_svenskerkrigene.pdf\">Svenskerkrigene<\/a><\/p><p><a href=\"http:\/\/meloni.dk\/wp-content\/uploads\/2022\/03\/tordenskiold.pdf\">Tordenskiold<\/a><\/p><p><a href=\"http:\/\/meloni.dk\/wp-content\/uploads\/2022\/03\/tutankhamon.pdf\">Tutankhamon<\/a><\/p><p><a href=\"http:\/\/meloni.dk\/wp-content\/uploads\/2022\/03\/tyge_brahe.pdf\">Tyge Brahe<\/a><\/p><p><a href=\"http:\/\/meloni.dk\/wp-content\/uploads\/2022\/03\/USAs_valgsystem_Opgaver.pdf\">USA&#8217;s valgsystem<\/a><\/p><p><a href=\"http:\/\/meloni.dk\/wp-content\/uploads\/2022\/03\/vejledning_vikingerne.pdf\">Vikingerne<\/a><\/p>\t\t\t\t\t\t\t\t<\/div>\n\t\t\t\t<\/div>\n\t\t\t\t\t<\/div>\n\t\t<\/div>\n\t\t\t\t\t<\/div>\n\t\t<\/section>\n\t\t\t\t\t<\/div>\n\t\t<\/div>\n\t\t\t\t\t<\/div>\n\t\t<\/section>\n\t\t\t\t<\/div>\n\t\t","protected":false},"excerpt":{"rendered":"<p>Download gratis materiale L\u00e6rervejledninger og elevopgaver 1864 Absalon Bes\u00e6ttelsen Christian den 4. Columbus Danmarks Oldtid Danmarks Tropekolonier \u00a0 Egtvedpigen Englandskrigene Frederik den 6. Grundloven &#8211; Demokrati i Danmark Grundloven 1849 Harald Bl\u00e5tand Hekse Krigen 1864 K\u00e6re Morfar Margrete den 1. Martin Luther Napoleon Pr\u00f8veopl\u00e6g til historie Stof, saks, papir Svenskerkrigene Tordenskiold Tutankhamon Tyge Brahe USA&#8217;s &hellip; <\/p>\n","protected":false},"author":1,"featured_media":0,"parent":0,"menu_order":0,"comment_status":"closed","ping_status":"closed","template":"elementor_header_footer","meta":{"footnotes":""},"class_list":["post-1281","page","type-page","status-publish","hentry"],"_links":{"self":[{"href":"https:\/\/meloni.dk\/index.php\/wp-json\/wp\/v2\/pages\/1281","targetHints":{"allow":["GET"]}}],"collection":[{"href":"https:\/\/meloni.dk\/index.php\/wp-json\/wp\/v2\/pages"}],"about":[{"href":"https:\/\/meloni.dk\/index.php\/wp-json\/wp\/v2\/types\/page"}],"author":[{"embeddable":true,"href":"https:\/\/meloni.dk\/index.php\/wp-json\/wp\/v2\/users\/1"}],"replies":[{"embeddable":true,"href":"https:\/\/meloni.dk\/index.php\/wp-json\/wp\/v2\/comments?post=1281"}],"version-history":[{"count":25,"href":"https:\/\/meloni.dk\/index.php\/wp-json\/wp\/v2\/pages\/1281\/revisions"}],"predecessor-version":[{"id":4068,"href":"https:\/\/meloni.dk\/index.php\/wp-json\/wp\/v2\/pages\/1281\/revisions\/4068"}],"wp:attachment":[{"href":"https:\/\/meloni.dk\/index.php\/wp-json\/wp\/v2\/media?parent=1281"}],"curies":[{"name":"wp","href":"https:\/\/api.w.org\/{rel}","templated":true}]}}