{"id":1273,"date":"2022-03-21T07:58:59","date_gmt":"2022-03-21T07:58:59","guid":{"rendered":"http:\/\/meloni.dk\/?page_id=1273"},"modified":"2024-12-17T08:13:40","modified_gmt":"2024-12-17T08:13:40","slug":"om-meloni","status":"publish","type":"page","link":"https:\/\/meloni.dk\/index.php\/om-meloni\/","title":{"rendered":"Om Meloni"},"content":{"rendered":"\t\t<div data-elementor-type=\"wp-page\" data-elementor-id=\"1273\" class=\"elementor elementor-1273\" data-elementor-post-type=\"page\">\n\t\t\t\t\t\t<section class=\"elementor-section elementor-top-section elementor-element elementor-element-3aa7ea56 elementor-section-content-middle elementor-section-full_width elementor-section-height-default elementor-section-height-default\" data-id=\"3aa7ea56\" data-element_type=\"section\" data-e-type=\"section\">\n\t\t\t\t\t\t<div class=\"elementor-container elementor-column-gap-no\">\n\t\t\t\t\t<div class=\"elementor-column elementor-col-100 elementor-top-column elementor-element elementor-element-5df8ef2\" data-id=\"5df8ef2\" data-element_type=\"column\" data-e-type=\"column\">\n\t\t\t<div class=\"elementor-widget-wrap elementor-element-populated\">\n\t\t\t\t\t\t<div class=\"elementor-element elementor-element-73c9b37 elementor-view-default elementor-position-block-start elementor-mobile-position-block-start elementor-invisible elementor-widget elementor-widget-icon-box\" data-id=\"73c9b37\" data-element_type=\"widget\" data-e-type=\"widget\" data-settings=\"{&quot;_animation&quot;:&quot;fadeInDown&quot;}\" data-widget_type=\"icon-box.default\">\n\t\t\t\t<div class=\"elementor-widget-container\">\n\t\t\t\t\t\t\t<div class=\"elementor-icon-box-wrapper\">\n\n\t\t\t\t\t\t<div class=\"elementor-icon-box-icon\">\n\t\t\t\t<span  class=\"elementor-icon\">\n\t\t\t\t<i aria-hidden=\"true\" class=\"fas fa-book-open\"><\/i>\t\t\t\t<\/span>\n\t\t\t<\/div>\n\t\t\t\n\t\t\t\t\t\t<div class=\"elementor-icon-box-content\">\n\n\t\t\t\t\n\t\t\t\t\t\t\t\t\t<p class=\"elementor-icon-box-description\">\n\t\t\t\t\t\tOm Forlaget Meloni\t\t\t\t\t<\/p>\n\t\t\t\t\n\t\t\t<\/div>\n\t\t\t\n\t\t<\/div>\n\t\t\t\t\t\t<\/div>\n\t\t\t\t<\/div>\n\t\t\t\t<div class=\"elementor-element elementor-element-7624769 elementor-widget elementor-widget-spacer\" data-id=\"7624769\" data-element_type=\"widget\" data-e-type=\"widget\" data-widget_type=\"spacer.default\">\n\t\t\t\t<div class=\"elementor-widget-container\">\n\t\t\t\t\t\t\t<div class=\"elementor-spacer\">\n\t\t\t<div class=\"elementor-spacer-inner\"><\/div>\n\t\t<\/div>\n\t\t\t\t\t\t<\/div>\n\t\t\t\t<\/div>\n\t\t\t\t<div class=\"elementor-element elementor-element-215f38 animated-slow elementor-invisible elementor-widget elementor-widget-image\" data-id=\"215f38\" data-element_type=\"widget\" data-e-type=\"widget\" data-settings=\"{&quot;_animation&quot;:&quot;fadeIn&quot;}\" data-widget_type=\"image.default\">\n\t\t\t\t<div class=\"elementor-widget-container\">\n\t\t\t\t\t\t\t\t\t\t\t\t\t\t\t<img fetchpriority=\"high\" decoding=\"async\" width=\"1950\" height=\"500\" src=\"https:\/\/meloni.dk\/wp-content\/uploads\/2021\/04\/image-1.jpeg\" class=\"attachment-full size-full wp-image-49\" alt=\"\" srcset=\"https:\/\/meloni.dk\/wp-content\/uploads\/2021\/04\/image-1.jpeg 1950w, https:\/\/meloni.dk\/wp-content\/uploads\/2021\/04\/image-1-500x128.jpeg 500w, https:\/\/meloni.dk\/wp-content\/uploads\/2021\/04\/image-1-300x77.jpeg 300w, https:\/\/meloni.dk\/wp-content\/uploads\/2021\/04\/image-1-1024x263.jpeg 1024w, https:\/\/meloni.dk\/wp-content\/uploads\/2021\/04\/image-1-768x197.jpeg 768w, https:\/\/meloni.dk\/wp-content\/uploads\/2021\/04\/image-1-1536x394.jpeg 1536w\" sizes=\"(max-width: 1950px) 100vw, 1950px\" \/>\t\t\t\t\t\t\t\t\t\t\t\t\t\t\t<\/div>\n\t\t\t\t<\/div>\n\t\t\t\t<div class=\"elementor-element elementor-element-991e2e4 elementor-widget elementor-widget-spacer\" data-id=\"991e2e4\" data-element_type=\"widget\" data-e-type=\"widget\" data-widget_type=\"spacer.default\">\n\t\t\t\t<div class=\"elementor-widget-container\">\n\t\t\t\t\t\t\t<div class=\"elementor-spacer\">\n\t\t\t<div class=\"elementor-spacer-inner\"><\/div>\n\t\t<\/div>\n\t\t\t\t\t\t<\/div>\n\t\t\t\t<\/div>\n\t\t\t\t\t<\/div>\n\t\t<\/div>\n\t\t\t\t\t<\/div>\n\t\t<\/section>\n\t\t<div class=\"elementor-element elementor-element-278903d e-flex e-con-boxed e-con e-parent\" data-id=\"278903d\" data-element_type=\"container\" data-e-type=\"container\">\n\t\t\t\t\t<div class=\"e-con-inner\">\n\t\t<div class=\"elementor-element elementor-element-53803e0 e-con-full e-flex e-con e-child\" data-id=\"53803e0\" data-element_type=\"container\" data-e-type=\"container\">\n\t\t\t\t<div class=\"elementor-element elementor-element-bce1288 elementor-widget elementor-widget-heading\" data-id=\"bce1288\" data-element_type=\"widget\" data-e-type=\"widget\" data-widget_type=\"heading.default\">\n\t\t\t\t<div class=\"elementor-widget-container\">\n\t\t\t\t\t<h2 class=\"elementor-heading-title elementor-size-default\">Vision<\/h2>\t\t\t\t<\/div>\n\t\t\t\t<\/div>\n\t\t\t\t<div class=\"elementor-element elementor-element-fc1c676 elementor-widget elementor-widget-text-editor\" data-id=\"fc1c676\" data-element_type=\"widget\" data-e-type=\"widget\" data-widget_type=\"text-editor.default\">\n\t\t\t\t<div class=\"elementor-widget-container\">\n\t\t\t\t\t\t\t\t\t<p>Forlaget Meloni er et fynsk dansk forlag med store ambitioner. Ikke om at blive Danmarks st\u00f8rste forlag, men om at blive Danmarks bedste. Vores m\u00e5l er at producere solide undervisningsmaterialer til det danske uddannelsessystem.<\/p>\t\t\t\t\t\t\t\t<\/div>\n\t\t\t\t<\/div>\n\t\t\t\t<div class=\"elementor-element elementor-element-3ae2d9c elementor-widget elementor-widget-heading\" data-id=\"3ae2d9c\" data-element_type=\"widget\" data-e-type=\"widget\" data-widget_type=\"heading.default\">\n\t\t\t\t<div class=\"elementor-widget-container\">\n\t\t\t\t\t<h2 class=\"elementor-heading-title elementor-size-default\">hvilket fag?<\/h2>\t\t\t\t<\/div>\n\t\t\t\t<\/div>\n\t\t\t\t<div class=\"elementor-element elementor-element-f380d01 elementor-widget elementor-widget-text-editor\" data-id=\"f380d01\" data-element_type=\"widget\" data-e-type=\"widget\" data-widget_type=\"text-editor.default\">\n\t\t\t\t<div class=\"elementor-widget-container\">\n\t\t\t\t\t\t\t\t\t<p>Vi har fokus p\u00e5 historie, h\u00e5ndv\u00e6rk design, madkundskab, billedkunst og nfaglig l\u00e6sning, men skulle der komme en sp\u00e6ndende id\u00e9 inden for andre fag, er vi \u00e5bne for forslag til udgivelser.<\/p>\t\t\t\t\t\t\t\t<\/div>\n\t\t\t\t<\/div>\n\t\t\t\t<\/div>\n\t\t<div class=\"elementor-element elementor-element-4d73e27 e-con-full e-flex e-con e-child\" data-id=\"4d73e27\" data-element_type=\"container\" data-e-type=\"container\">\n\t\t\t\t<div class=\"elementor-element elementor-element-2a6dcfa elementor-widget elementor-widget-heading\" data-id=\"2a6dcfa\" data-element_type=\"widget\" data-e-type=\"widget\" data-widget_type=\"heading.default\">\n\t\t\t\t<div class=\"elementor-widget-container\">\n\t\t\t\t\t<h2 class=\"elementor-heading-title elementor-size-default\">Hvordan?<\/h2>\t\t\t\t<\/div>\n\t\t\t\t<\/div>\n\t\t\t\t<div class=\"elementor-element elementor-element-a93ca2a elementor-widget elementor-widget-text-editor\" data-id=\"a93ca2a\" data-element_type=\"widget\" data-e-type=\"widget\" data-widget_type=\"text-editor.default\">\n\t\t\t\t<div class=\"elementor-widget-container\">\n\t\t\t\t\t\t\t\t\t<p>Forlaget Meloni har sk\u00e5ret det overfl\u00f8dige v\u00e6k. Vi har fokus p\u00e5 forfatteren, produktet og brugeren. Vi har kort vej fra id\u00e9 til handling, hvorved vi kan lave gode og solide l\u00e6remidler til den rigtige pris. Vi laver kun materialer om det, vi har forstand p\u00e5.<\/p>\t\t\t\t\t\t\t\t<\/div>\n\t\t\t\t<\/div>\n\t\t\t\t<div class=\"elementor-element elementor-element-602d396 elementor-widget elementor-widget-heading\" data-id=\"602d396\" data-element_type=\"widget\" data-e-type=\"widget\" data-widget_type=\"heading.default\">\n\t\t\t\t<div class=\"elementor-widget-container\">\n\t\t\t\t\t<h2 class=\"elementor-heading-title elementor-size-default\">hvem st\u00e5r bag?<\/h2>\t\t\t\t<\/div>\n\t\t\t\t<\/div>\n\t\t\t\t<div class=\"elementor-element elementor-element-65baffb elementor-widget elementor-widget-text-editor\" data-id=\"65baffb\" data-element_type=\"widget\" data-e-type=\"widget\" data-widget_type=\"text-editor.default\">\n\t\t\t\t<div class=\"elementor-widget-container\">\n\t\t\t\t\t\t\t\t\t<p>Forlaget Meloni er startet af folk med mange \u00e5rs forlagserfaring og mange udgivelser bag sig. Vi ved med andre ord, hvad vi taler om, n\u00e5r det drejer sig om b\u00f8ger.<\/p>\t\t\t\t\t\t\t\t<\/div>\n\t\t\t\t<\/div>\n\t\t\t\t<\/div>\n\t\t\t\t\t<\/div>\n\t\t\t\t<\/div>\n\t\t\t\t<section class=\"elementor-section elementor-top-section elementor-element elementor-element-6a2f7aac elementor-section-full_width elementor-section-stretched elementor-section-height-default elementor-section-height-default\" data-id=\"6a2f7aac\" data-element_type=\"section\" data-e-type=\"section\" data-settings=\"{&quot;stretch_section&quot;:&quot;section-stretched&quot;,&quot;background_background&quot;:&quot;classic&quot;}\">\n\t\t\t\t\t\t<div class=\"elementor-container elementor-column-gap-no\">\n\t\t\t\t\t<div class=\"elementor-column elementor-col-33 elementor-top-column elementor-element elementor-element-730b0ab9 elementor-invisible\" data-id=\"730b0ab9\" data-element_type=\"column\" data-e-type=\"column\" data-settings=\"{&quot;animation&quot;:&quot;fadeInDown&quot;}\">\n\t\t\t<div class=\"elementor-widget-wrap elementor-element-populated\">\n\t\t\t\t\t\t<div class=\"elementor-element elementor-element-2e498111 elementor-position-top elementor-widget elementor-widget-image-box\" data-id=\"2e498111\" data-element_type=\"widget\" data-e-type=\"widget\" data-widget_type=\"image-box.default\">\n\t\t\t\t<div class=\"elementor-widget-container\">\n\t\t\t\t\t<div class=\"elementor-image-box-wrapper\"><figure class=\"elementor-image-box-img\"><img decoding=\"async\" width=\"1471\" height=\"1471\" src=\"https:\/\/meloni.dk\/wp-content\/uploads\/2022\/03\/thomas.png\" class=\"attachment-full size-full wp-image-1867\" alt=\"\" srcset=\"https:\/\/meloni.dk\/wp-content\/uploads\/2022\/03\/thomas.png 1471w, https:\/\/meloni.dk\/wp-content\/uploads\/2022\/03\/thomas-500x500.png 500w, https:\/\/meloni.dk\/wp-content\/uploads\/2022\/03\/thomas-100x100.png 100w, https:\/\/meloni.dk\/wp-content\/uploads\/2022\/03\/thomas-300x300.png 300w, https:\/\/meloni.dk\/wp-content\/uploads\/2022\/03\/thomas-1024x1024.png 1024w, https:\/\/meloni.dk\/wp-content\/uploads\/2022\/03\/thomas-150x150.png 150w, https:\/\/meloni.dk\/wp-content\/uploads\/2022\/03\/thomas-768x768.png 768w, https:\/\/meloni.dk\/wp-content\/uploads\/2022\/03\/thomas-860x860.png 860w\" sizes=\"(max-width: 1471px) 100vw, 1471px\" \/><\/figure><div class=\"elementor-image-box-content\"><h3 class=\"elementor-image-box-title\">Thomas Meloni R\u00f8nn<\/h3><p class=\"elementor-image-box-description\">Forlagschef<\/p><\/div><\/div>\t\t\t\t<\/div>\n\t\t\t\t<\/div>\n\t\t\t\t<div class=\"elementor-element elementor-element-2f2ca54 elementor-widget-divider--view-line elementor-widget elementor-widget-divider\" data-id=\"2f2ca54\" data-element_type=\"widget\" data-e-type=\"widget\" data-widget_type=\"divider.default\">\n\t\t\t\t<div class=\"elementor-widget-container\">\n\t\t\t\t\t\t\t<div class=\"elementor-divider\">\n\t\t\t<span class=\"elementor-divider-separator\">\n\t\t\t\t\t\t<\/span>\n\t\t<\/div>\n\t\t\t\t\t\t<\/div>\n\t\t\t\t<\/div>\n\t\t\t\t\t<\/div>\n\t\t<\/div>\n\t\t\t\t<div class=\"elementor-column elementor-col-33 elementor-top-column elementor-element elementor-element-4335efdb elementor-invisible\" data-id=\"4335efdb\" data-element_type=\"column\" data-e-type=\"column\" data-settings=\"{&quot;animation&quot;:&quot;fadeInDown&quot;,&quot;animation_delay&quot;:100}\">\n\t\t\t<div class=\"elementor-widget-wrap elementor-element-populated\">\n\t\t\t\t\t\t<div class=\"elementor-element elementor-element-4ba09fbd elementor-position-top elementor-widget elementor-widget-image-box\" data-id=\"4ba09fbd\" data-element_type=\"widget\" data-e-type=\"widget\" data-widget_type=\"image-box.default\">\n\t\t\t\t<div class=\"elementor-widget-container\">\n\t\t\t\t\t<div class=\"elementor-image-box-wrapper\"><figure class=\"elementor-image-box-img\"><img decoding=\"async\" width=\"1471\" height=\"1471\" src=\"https:\/\/meloni.dk\/wp-content\/uploads\/2022\/03\/louise.png\" class=\"attachment-full size-full wp-image-1868\" alt=\"\" srcset=\"https:\/\/meloni.dk\/wp-content\/uploads\/2022\/03\/louise.png 1471w, https:\/\/meloni.dk\/wp-content\/uploads\/2022\/03\/louise-500x500.png 500w, https:\/\/meloni.dk\/wp-content\/uploads\/2022\/03\/louise-100x100.png 100w, https:\/\/meloni.dk\/wp-content\/uploads\/2022\/03\/louise-300x300.png 300w, https:\/\/meloni.dk\/wp-content\/uploads\/2022\/03\/louise-1024x1024.png 1024w, https:\/\/meloni.dk\/wp-content\/uploads\/2022\/03\/louise-150x150.png 150w, https:\/\/meloni.dk\/wp-content\/uploads\/2022\/03\/louise-768x768.png 768w, https:\/\/meloni.dk\/wp-content\/uploads\/2022\/03\/louise-860x860.png 860w\" sizes=\"(max-width: 1471px) 100vw, 1471px\" \/><\/figure><div class=\"elementor-image-box-content\"><h3 class=\"elementor-image-box-title\">Asa Thorsen<\/h3><p class=\"elementor-image-box-description\">Grafiker - Illustrator<\/p><\/div><\/div>\t\t\t\t<\/div>\n\t\t\t\t<\/div>\n\t\t\t\t<div class=\"elementor-element elementor-element-2e7a6651 elementor-widget-divider--view-line elementor-widget elementor-widget-divider\" data-id=\"2e7a6651\" data-element_type=\"widget\" data-e-type=\"widget\" data-widget_type=\"divider.default\">\n\t\t\t\t<div class=\"elementor-widget-container\">\n\t\t\t\t\t\t\t<div class=\"elementor-divider\">\n\t\t\t<span class=\"elementor-divider-separator\">\n\t\t\t\t\t\t<\/span>\n\t\t<\/div>\n\t\t\t\t\t\t<\/div>\n\t\t\t\t<\/div>\n\t\t\t\t\t<\/div>\n\t\t<\/div>\n\t\t\t\t<div class=\"elementor-column elementor-col-33 elementor-top-column elementor-element elementor-element-76fe49d4 elementor-invisible\" data-id=\"76fe49d4\" data-element_type=\"column\" data-e-type=\"column\" data-settings=\"{&quot;animation&quot;:&quot;fadeInDown&quot;,&quot;animation_delay&quot;:200}\">\n\t\t\t<div class=\"elementor-widget-wrap elementor-element-populated\">\n\t\t\t\t\t\t<div class=\"elementor-element elementor-element-472010ce elementor-position-top elementor-widget elementor-widget-image-box\" data-id=\"472010ce\" data-element_type=\"widget\" data-e-type=\"widget\" data-widget_type=\"image-box.default\">\n\t\t\t\t<div class=\"elementor-widget-container\">\n\t\t\t\t\t<div class=\"elementor-image-box-wrapper\"><figure class=\"elementor-image-box-img\"><img loading=\"lazy\" decoding=\"async\" width=\"1471\" height=\"1471\" src=\"https:\/\/meloni.dk\/wp-content\/uploads\/2022\/03\/anni.png\" class=\"attachment-full size-full wp-image-1866\" alt=\"\" srcset=\"https:\/\/meloni.dk\/wp-content\/uploads\/2022\/03\/anni.png 1471w, https:\/\/meloni.dk\/wp-content\/uploads\/2022\/03\/anni-500x500.png 500w, https:\/\/meloni.dk\/wp-content\/uploads\/2022\/03\/anni-100x100.png 100w, https:\/\/meloni.dk\/wp-content\/uploads\/2022\/03\/anni-300x300.png 300w, https:\/\/meloni.dk\/wp-content\/uploads\/2022\/03\/anni-1024x1024.png 1024w, https:\/\/meloni.dk\/wp-content\/uploads\/2022\/03\/anni-150x150.png 150w, https:\/\/meloni.dk\/wp-content\/uploads\/2022\/03\/anni-768x768.png 768w, https:\/\/meloni.dk\/wp-content\/uploads\/2022\/03\/anni-860x860.png 860w\" sizes=\"(max-width: 1471px) 100vw, 1471px\" \/><\/figure><div class=\"elementor-image-box-content\"><h3 class=\"elementor-image-box-title\">Anni List Kj\u00e6rby<\/h3><p class=\"elementor-image-box-description\">Redakt\u00f8r<\/p><\/div><\/div>\t\t\t\t<\/div>\n\t\t\t\t<\/div>\n\t\t\t\t<div class=\"elementor-element elementor-element-53b57cc1 elementor-widget-divider--view-line elementor-widget elementor-widget-divider\" data-id=\"53b57cc1\" data-element_type=\"widget\" data-e-type=\"widget\" data-widget_type=\"divider.default\">\n\t\t\t\t<div class=\"elementor-widget-container\">\n\t\t\t\t\t\t\t<div class=\"elementor-divider\">\n\t\t\t<span class=\"elementor-divider-separator\">\n\t\t\t\t\t\t<\/span>\n\t\t<\/div>\n\t\t\t\t\t\t<\/div>\n\t\t\t\t<\/div>\n\t\t\t\t\t<\/div>\n\t\t<\/div>\n\t\t\t\t\t<\/div>\n\t\t<\/section>\n\t\t\t\t<section class=\"elementor-section elementor-top-section elementor-element elementor-element-45d4b2fb elementor-section-content-middle elementor-section-boxed elementor-section-height-default elementor-section-height-default elementor-invisible\" data-id=\"45d4b2fb\" data-element_type=\"section\" data-e-type=\"section\" data-settings=\"{&quot;background_background&quot;:&quot;classic&quot;,&quot;animation&quot;:&quot;fadeIn&quot;}\">\n\t\t\t\t\t\t\t<div class=\"elementor-background-overlay\"><\/div>\n\t\t\t\t\t\t\t<div class=\"elementor-container elementor-column-gap-no\">\n\t\t\t\t\t<div class=\"elementor-column elementor-col-100 elementor-top-column elementor-element elementor-element-1e91217c\" data-id=\"1e91217c\" data-element_type=\"column\" data-e-type=\"column\">\n\t\t\t<div class=\"elementor-widget-wrap elementor-element-populated\">\n\t\t\t\t\t\t<div class=\"elementor-element elementor-element-f1545ac elementor-widget elementor-widget-icon-box\" data-id=\"f1545ac\" data-element_type=\"widget\" data-e-type=\"widget\" data-widget_type=\"icon-box.default\">\n\t\t\t\t<div class=\"elementor-widget-container\">\n\t\t\t\t\t\t\t<div class=\"elementor-icon-box-wrapper\">\n\n\t\t\t\n\t\t\t\t\t\t<div class=\"elementor-icon-box-content\">\n\n\t\t\t\t\n\t\t\t\t\t\t\t\t\t<p class=\"elementor-icon-box-description\">\n\t\t\t\t\t\tHar du en god id\u00e9?\t\t\t\t\t<\/p>\n\t\t\t\t\n\t\t\t<\/div>\n\t\t\t\n\t\t<\/div>\n\t\t\t\t\t\t<\/div>\n\t\t\t\t<\/div>\n\t\t\t\t<div class=\"elementor-element elementor-element-6f35527 elementor-widget elementor-widget-text-editor\" data-id=\"6f35527\" data-element_type=\"widget\" data-e-type=\"widget\" data-widget_type=\"text-editor.default\">\n\t\t\t\t<div class=\"elementor-widget-container\">\n\t\t\t\t\t\t\t\t\t<p><strong>Meloni<\/strong><br \/>Havnegade 100F, 1. sal.<br \/>5000 Odense C<\/p><p><strong>Telefon: 3218 0385<\/strong><br \/><br \/><a href=\"mailto:post@meloni.dk\"><strong>post@meloni.dk<\/strong><\/a><\/p>\t\t\t\t\t\t\t\t<\/div>\n\t\t\t\t<\/div>\n\t\t\t\t<div class=\"elementor-element elementor-element-12984ff6 elementor-widget elementor-widget-text-editor\" data-id=\"12984ff6\" data-element_type=\"widget\" data-e-type=\"widget\" data-widget_type=\"text-editor.default\">\n\t\t\t\t<div class=\"elementor-widget-container\">\n\t\t\t\t\t\t\t\t\t<p>&#8211; vi har ingen fast telefontid &#8211; men grib telefonen og pr\u00f8v!<\/p>\t\t\t\t\t\t\t\t<\/div>\n\t\t\t\t<\/div>\n\t\t\t\t\t<\/div>\n\t\t<\/div>\n\t\t\t\t\t<\/div>\n\t\t<\/section>\n\t\t\t\t<\/div>\n\t\t","protected":false},"excerpt":{"rendered":"<p>Om Forlaget Meloni Vision Forlaget Meloni er et fynsk dansk forlag med store ambitioner. Ikke om at blive Danmarks st\u00f8rste forlag, men om at blive Danmarks bedste. Vores m\u00e5l er at producere solide undervisningsmaterialer til det danske uddannelsessystem. hvilket fag? Vi har fokus p\u00e5 historie, h\u00e5ndv\u00e6rk design, madkundskab, billedkunst og nfaglig l\u00e6sning, men skulle der &hellip; <\/p>\n","protected":false},"author":1,"featured_media":0,"parent":0,"menu_order":0,"comment_status":"closed","ping_status":"closed","template":"elementor_header_footer","meta":{"footnotes":""},"class_list":["post-1273","page","type-page","status-publish","hentry"],"_links":{"self":[{"href":"https:\/\/meloni.dk\/index.php\/wp-json\/wp\/v2\/pages\/1273","targetHints":{"allow":["GET"]}}],"collection":[{"href":"https:\/\/meloni.dk\/index.php\/wp-json\/wp\/v2\/pages"}],"about":[{"href":"https:\/\/meloni.dk\/index.php\/wp-json\/wp\/v2\/types\/page"}],"author":[{"embeddable":true,"href":"https:\/\/meloni.dk\/index.php\/wp-json\/wp\/v2\/users\/1"}],"replies":[{"embeddable":true,"href":"https:\/\/meloni.dk\/index.php\/wp-json\/wp\/v2\/comments?post=1273"}],"version-history":[{"count":130,"href":"https:\/\/meloni.dk\/index.php\/wp-json\/wp\/v2\/pages\/1273\/revisions"}],"predecessor-version":[{"id":4065,"href":"https:\/\/meloni.dk\/index.php\/wp-json\/wp\/v2\/pages\/1273\/revisions\/4065"}],"wp:attachment":[{"href":"https:\/\/meloni.dk\/index.php\/wp-json\/wp\/v2\/media?parent=1273"}],"curies":[{"name":"wp","href":"https:\/\/api.w.org\/{rel}","templated":true}]}}